{"id":14,"date":"2016-05-19T08:05:00","date_gmt":"2016-05-19T08:05:00","guid":{"rendered":"https:\/\/acougo.com\/?page_id=14"},"modified":"2016-05-19T10:40:26","modified_gmt":"2016-05-19T10:40:26","slug":"acougo","status":"publish","type":"page","link":"https:\/\/acougo.com\/es\/acougo\/","title":{"rendered":"Acougo"},"content":{"rendered":"[vc_row type=\u00bbin_container\u00bb scene_position=\u00bbcenter\u00bb text_color=\u00bbdark\u00bb text_align=\u00bbleft\u00bb overlay_strength=\u00bb0.3&#8243;][vc_column column_padding=\u00bbno-extra-padding\u00bb column_padding_position=\u00bball\u00bb background_color_opacity=\u00bb1&#8243; background_hover_color_opacity=\u00bb1&#8243; width=\u00bb1\/1&#8243;][image_with_animation image_url=\u00bb3071&#8243; alignment=\u00bbcenter\u00bb animation=\u00bbFade In\u00bb][\/vc_column][\/vc_row][vc_row type=\u00bbin_container\u00bb scene_position=\u00bbcenter\u00bb text_color=\u00bbdark\u00bb text_align=\u00bbleft\u00bb overlay_strength=\u00bb0.3&#8243;][vc_column column_padding=\u00bbno-extra-padding\u00bb column_padding_position=\u00bball\u00bb background_color_opacity=\u00bb1&#8243; background_hover_color_opacity=\u00bb1&#8243; width=\u00bb1\/2&#8243;][vc_column_text]Nuestro objetivo principal es ofrecer a los visitantes un espacio donde disfrutar de actividades formativas, l\u00fadicas, de ocio y tiempo libre, y otras actividades sociales y culturales, preservando en todo momento el privilegiado entorno natural y rural en el que nos encontramos.<\/p>\n<p>Dentro de sus 40.000 metros cuadrados de finca totalmente vallada, encontraremos una gran zona para animales donde podremos interactuar con gallos, gallinas, patos, cabras o perros, tambi\u00e9n con gran variedad de anfibios. Asimismo dispone de un lago artificial con una barca donde podremos dar unos agradables paseos.<\/p>\n<p>El centro cuenta con una construcci\u00f3n con amplio comedor y cuartos de ba\u00f1o con duchas, inodoros y aseos para un total de 48 ni\u00f1@s,\u00a0 que se hospedaran distribuidas en tiendas de campa\u00f1a para cuatro plazas cada una.<\/p>\n[\/vc_column_text][\/vc_column][vc_column column_padding=\u00bbno-extra-padding\u00bb column_padding_position=\u00bball\u00bb background_color_opacity=\u00bb1&#8243; background_hover_color_opacity=\u00bb1&#8243; width=\u00bb1\/2&#8243;][vc_row_inner][vc_column_inner column_padding=\u00bbno-extra-padding\u00bb column_padding_position=\u00bball\u00bb background_color_opacity=\u00bb1&#8243; width=\u00bb1\/1&#8243;][vc_column_text]En otra construcci\u00f3n el centro cuenta con taquillas individuales para cada ni\u00f1@ y una enfermer\u00eda asi como una oficina para control de documentaciones.<\/p>\n<p>Tambien posee otra construcci\u00f3n con una amplia cocina y un cuarto de ba\u00f1o adaptado para personas con movilidad reducida y aseo para monitores.<\/p>\n<p>El centro cuenta con un equipo altamente cualificado de Educadores Ambientales y Monitores de Ocio y Tiempo Libre que desarrollan su labor con una clara vocaci\u00f3n pedag\u00f3gica.<\/p>\n<p>Por otro lado, en el comedor, se cuida con esmero la alimentaci\u00f3n, con men\u00fas equilibrados, atendiendo adem\u00e1s todo tipo de dietas especiales ( al\u00e9rgicos, cel\u00edacos, etc.) , priorizando la alimentaci\u00f3n recogida en nuestro huerto.[\/vc_column_text][\/vc_column_inner][\/vc_row_inner][\/vc_column][\/vc_row]\n","protected":false},"excerpt":{"rendered":"<p>[vc_row type=\u00bbin_container\u00bb scene_position=\u00bbcenter\u00bb text_color=\u00bbdark\u00bb text_align=\u00bbleft\u00bb overlay_strength=\u00bb0.3&#8243;][vc_column column_padding=\u00bbno-extra-padding\u00bb column_padding_position=\u00bball\u00bb background_color_opacity=\u00bb1&#8243; background_hover_color_opacity=\u00bb1&#8243; width=\u00bb1\/1&#8243;][image_with_animation image_url=\u00bb3071&#8243; alignment=\u00bbcenter\u00bb animation=\u00bbFade In\u00bb][\/vc_column][\/vc_row][vc_row type=\u00bbin_container\u00bb scene_position=\u00bbcenter\u00bb text_color=\u00bbdark\u00bb text_align=\u00bbleft\u00bb overlay_strength=\u00bb0.3&#8243;][vc_column column_padding=\u00bbno-extra-padding\u00bb column_padding_position=\u00bball\u00bb background_color_opacity=\u00bb1&#8243; background_hover_color_opacity=\u00bb1&#8243; width=\u00bb1\/2&#8243;][vc_column_text]Nuestro objetivo principal es ofrecer a&#8230;<\/p>\n","protected":false},"author":2,"featured_media":0,"parent":0,"menu_order":0,"comment_status":"closed","ping_status":"closed","template":"","meta":{"footnotes":""},"class_list":["post-14","page","type-page","status-publish"],"_links":{"self":[{"href":"https:\/\/acougo.com\/es\/wp-json\/wp\/v2\/pages\/14","targetHints":{"allow":["GET"]}}],"collection":[{"href":"https:\/\/acougo.com\/es\/wp-json\/wp\/v2\/pages"}],"about":[{"href":"https:\/\/acougo.com\/es\/wp-json\/wp\/v2\/types\/page"}],"author":[{"embeddable":true,"href":"https:\/\/acougo.com\/es\/wp-json\/wp\/v2\/users\/2"}],"replies":[{"embeddable":true,"href":"https:\/\/acougo.com\/es\/wp-json\/wp\/v2\/comments?post=14"}],"version-history":[{"count":4,"href":"https:\/\/acougo.com\/es\/wp-json\/wp\/v2\/pages\/14\/revisions"}],"predecessor-version":[{"id":3099,"href":"https:\/\/acougo.com\/es\/wp-json\/wp\/v2\/pages\/14\/revisions\/3099"}],"wp:attachment":[{"href":"https:\/\/acougo.com\/es\/wp-json\/wp\/v2\/media?parent=14"}],"curies":[{"name":"wp","href":"https:\/\/api.w.org\/{rel}","templated":true}]}}