{"id":3384,"date":"2016-05-30T06:53:11","date_gmt":"2016-05-30T06:53:11","guid":{"rendered":"https:\/\/acougo.com\/?page_id=3384"},"modified":"2016-05-30T06:53:11","modified_gmt":"2016-05-30T06:53:11","slug":"autorizacion","status":"publish","type":"page","link":"https:\/\/acougo.com\/es\/autorizacion\/","title":{"rendered":"Autorizaci\u00f3n"},"content":{"rendered":"<p><img fetchpriority=\"high\" decoding=\"async\" class=\"alignnone size-medium wp-image-5\" src=\"https:\/\/acougo.com\/wp-content\/uploads\/2016\/05\/LOGO-CENTRO-DE-OCIO-227x300.jpg\" alt=\"LOGO CENTRO DE OCIO\" width=\"227\" height=\"300\" title=\"\" srcset=\"https:\/\/acougo.com\/wp-content\/uploads\/2016\/05\/LOGO-CENTRO-DE-OCIO-227x300.jpg 227w, https:\/\/acougo.com\/wp-content\/uploads\/2016\/05\/LOGO-CENTRO-DE-OCIO-768x1016.jpg 768w, https:\/\/acougo.com\/wp-content\/uploads\/2016\/05\/LOGO-CENTRO-DE-OCIO-774x1024.jpg 774w, https:\/\/acougo.com\/wp-content\/uploads\/2016\/05\/LOGO-CENTRO-DE-OCIO-1200x1588.jpg 1200w\" sizes=\"(max-width: 227px) 100vw, 227px\" \/><\/p>\n<p>CENTRO DE OCIO EN LA NATURALEZA<\/p>\n<p><strong>AUTORIZACI\u00d3N <\/strong><\/p>\n<p>Yo, _____________________________________________________________ con DNI___________, autorizo a mi hij@ _________________________________________ a realizar cualquiera de las actividades y excursiones programadas para la semana del _______________________________, tanto dentro como fuera de las instalaciones de Centro de Ocio ACOUGO. Autorizo a realizar fotos relacionadas con las actividades para su utilizaci\u00f3n por parte del centro para su publicaci\u00f3n en la web o Facebook. (En caso de no Autorizar marcar con una x la casilla.<\/p>\n<p>Adem\u00e1s autorizo a los responsables de la actividad, para que en caso de una urgencia y no pudiendo contactar con el tutor legal se dispongan las medidas oportunas bajo la supervisi\u00f3n de un profesional m\u00e9dico. Y para que as\u00ed conste firmo el presente documento.<\/p>\n<p>En_____________________________ a _____ de ________________2015. Firma:<\/p>\n","protected":false},"excerpt":{"rendered":"<p>CENTRO DE OCIO EN LA NATURALEZA AUTORIZACI\u00d3N Yo, _____________________________________________________________ con DNI___________, autorizo a mi hij@ _________________________________________ a realizar cualquiera de las actividades y excursiones programadas para la semana del _______________________________,&#8230;<\/p>\n","protected":false},"author":2,"featured_media":0,"parent":0,"menu_order":0,"comment_status":"closed","ping_status":"closed","template":"","meta":{"footnotes":""},"class_list":["post-3384","page","type-page","status-publish"],"_links":{"self":[{"href":"https:\/\/acougo.com\/es\/wp-json\/wp\/v2\/pages\/3384","targetHints":{"allow":["GET"]}}],"collection":[{"href":"https:\/\/acougo.com\/es\/wp-json\/wp\/v2\/pages"}],"about":[{"href":"https:\/\/acougo.com\/es\/wp-json\/wp\/v2\/types\/page"}],"author":[{"embeddable":true,"href":"https:\/\/acougo.com\/es\/wp-json\/wp\/v2\/users\/2"}],"replies":[{"embeddable":true,"href":"https:\/\/acougo.com\/es\/wp-json\/wp\/v2\/comments?post=3384"}],"version-history":[{"count":1,"href":"https:\/\/acougo.com\/es\/wp-json\/wp\/v2\/pages\/3384\/revisions"}],"predecessor-version":[{"id":3385,"href":"https:\/\/acougo.com\/es\/wp-json\/wp\/v2\/pages\/3384\/revisions\/3385"}],"wp:attachment":[{"href":"https:\/\/acougo.com\/es\/wp-json\/wp\/v2\/media?parent=3384"}],"curies":[{"name":"wp","href":"https:\/\/api.w.org\/{rel}","templated":true}]}}