{"id":3388,"date":"2016-05-30T06:55:00","date_gmt":"2016-05-30T06:55:00","guid":{"rendered":"https:\/\/acougo.com\/?page_id=3388"},"modified":"2016-05-30T06:55:00","modified_gmt":"2016-05-30T06:55:00","slug":"material-acampada","status":"publish","type":"page","link":"https:\/\/acougo.com\/es\/material-acampada\/","title":{"rendered":"Material acampada"},"content":{"rendered":"<p>&nbsp;<\/p>\n<p><u>Equipamiento necesario\/Recomendado para los campamentos <\/u><\/p>\n<p>Material Acampada:<\/p>\n<p>\u25a1 Saco de dormir<\/p>\n<p>\u25a1 Esterilla<\/p>\n<p>\u25a1 Almohada peque\u00f1a \/ coj\u00edn<\/p>\n<p>\u25a1 Manta<\/p>\n<p>\u25a1 Linterna<\/p>\n<p>&nbsp;<\/p>\n<p><strong>EQUIPAMIENTO <\/strong><\/p>\n<p>Ropa:<\/p>\n<p>\u25a1 Prendas de Abrigo (jersey, chaqueta, forro polar\u2026)<\/p>\n<p>\u25a1 Chubasquero<\/p>\n<p>\u25a1 Prendas de Verano (camisetas, pantalones cortos\u2026)<\/p>\n<p>\u25a1 Gorra<\/p>\n<p>\u25a1 Ba\u00f1adores<\/p>\n<p>&nbsp;<\/p>\n<p><u>Importante <\/u>: el campamento no dispone de servicio de lavander\u00eda por lo que se recomienda traer ropa suficiente para todos los d\u00edas de acampada. Se recomiendan prendas y calzado c\u00f3modos.<\/p>\n<p>Calzado:<\/p>\n<p>\u25a1 Calzado Deportivo<\/p>\n<p>\u25a1 Botas de Monta\u00f1a o Similar<\/p>\n<p>\u25a1 Chanclas cerradas o Escarpines<\/p>\n<p>&nbsp;<\/p>\n<p>Aseo:<\/p>\n<p>\u25a1 Neceser (Cepillo de Dientes, Pasta, Desodorante, etc.)<\/p>\n<p>\u25a1 Toalla de ducha<\/p>\n<p>\u25a1 Toalla de Piscina<\/p>\n<p>\u25a1 Crema solar (m\u00ednimo factor 40) y after sun<\/p>\n<p>\u25a1 Champ\u00fa o gel de glicerina (recomendado)<\/p>\n<p>&nbsp;<\/p>\n","protected":false},"excerpt":{"rendered":"<p>&nbsp; Equipamiento necesario\/Recomendado para los campamentos Material Acampada: \u25a1 Saco de dormir \u25a1 Esterilla \u25a1 Almohada peque\u00f1a \/ coj\u00edn \u25a1 Manta \u25a1 Linterna &nbsp; EQUIPAMIENTO Ropa: \u25a1 Prendas de Abrigo&#8230;<\/p>\n","protected":false},"author":2,"featured_media":0,"parent":0,"menu_order":0,"comment_status":"closed","ping_status":"closed","template":"","meta":{"footnotes":""},"class_list":["post-3388","page","type-page","status-publish"],"_links":{"self":[{"href":"https:\/\/acougo.com\/es\/wp-json\/wp\/v2\/pages\/3388","targetHints":{"allow":["GET"]}}],"collection":[{"href":"https:\/\/acougo.com\/es\/wp-json\/wp\/v2\/pages"}],"about":[{"href":"https:\/\/acougo.com\/es\/wp-json\/wp\/v2\/types\/page"}],"author":[{"embeddable":true,"href":"https:\/\/acougo.com\/es\/wp-json\/wp\/v2\/users\/2"}],"replies":[{"embeddable":true,"href":"https:\/\/acougo.com\/es\/wp-json\/wp\/v2\/comments?post=3388"}],"version-history":[{"count":1,"href":"https:\/\/acougo.com\/es\/wp-json\/wp\/v2\/pages\/3388\/revisions"}],"predecessor-version":[{"id":3389,"href":"https:\/\/acougo.com\/es\/wp-json\/wp\/v2\/pages\/3388\/revisions\/3389"}],"wp:attachment":[{"href":"https:\/\/acougo.com\/es\/wp-json\/wp\/v2\/media?parent=3388"}],"curies":[{"name":"wp","href":"https:\/\/api.w.org\/{rel}","templated":true}]}}