{"id":3390,"date":"2016-05-30T06:55:45","date_gmt":"2016-05-30T06:55:45","guid":{"rendered":"https:\/\/acougo.com\/?page_id=3390"},"modified":"2016-05-30T06:55:45","modified_gmt":"2016-05-30T06:55:45","slug":"autorizacion-salud","status":"publish","type":"page","link":"https:\/\/acougo.com\/es\/autorizacion-salud\/","title":{"rendered":"Autorizaci\u00f3n salud"},"content":{"rendered":"<p>Yo, _____________________________________________________________ con DNI___________, afirmo que mi hij@ _________________________________________ no padece ninguna enfermedad infectocontagiosa y que tiene el calendario de vacunaci\u00f3n infantil al d\u00eda. Y para que as\u00ed conste firmo el presente documento. En_____________________________ a _____ de ________________2015. Firma:<\/p>\n","protected":false},"excerpt":{"rendered":"<p>Yo, _____________________________________________________________ con DNI___________, afirmo que mi hij@ _________________________________________ no padece ninguna enfermedad infectocontagiosa y que tiene el calendario de vacunaci\u00f3n infantil al d\u00eda. Y para que as\u00ed conste firmo&#8230;<\/p>\n","protected":false},"author":2,"featured_media":0,"parent":0,"menu_order":0,"comment_status":"closed","ping_status":"closed","template":"","meta":{"footnotes":""},"class_list":["post-3390","page","type-page","status-publish"],"_links":{"self":[{"href":"https:\/\/acougo.com\/es\/wp-json\/wp\/v2\/pages\/3390","targetHints":{"allow":["GET"]}}],"collection":[{"href":"https:\/\/acougo.com\/es\/wp-json\/wp\/v2\/pages"}],"about":[{"href":"https:\/\/acougo.com\/es\/wp-json\/wp\/v2\/types\/page"}],"author":[{"embeddable":true,"href":"https:\/\/acougo.com\/es\/wp-json\/wp\/v2\/users\/2"}],"replies":[{"embeddable":true,"href":"https:\/\/acougo.com\/es\/wp-json\/wp\/v2\/comments?post=3390"}],"version-history":[{"count":1,"href":"https:\/\/acougo.com\/es\/wp-json\/wp\/v2\/pages\/3390\/revisions"}],"predecessor-version":[{"id":3391,"href":"https:\/\/acougo.com\/es\/wp-json\/wp\/v2\/pages\/3390\/revisions\/3391"}],"wp:attachment":[{"href":"https:\/\/acougo.com\/es\/wp-json\/wp\/v2\/media?parent=3390"}],"curies":[{"name":"wp","href":"https:\/\/api.w.org\/{rel}","templated":true}]}}