{"id":5139,"date":"2025-01-15T14:04:01","date_gmt":"2025-01-15T14:04:01","guid":{"rendered":"https:\/\/acougo.com\/?page_id=5139&#038;lang=es"},"modified":"2025-01-15T14:04:01","modified_gmt":"2025-01-15T14:04:01","slug":"campamentos-de-verano-2","status":"publish","type":"page","link":"https:\/\/acougo.com\/es\/campamentos-de-verano-2\/","title":{"rendered":"CAMPAMENTOS DE VERANO"},"content":{"rendered":"[vc_row type=\u00bbin_container\u00bb scene_position=\u00bbcenter\u00bb text_color=\u00bbdark\u00bb text_align=\u00bbleft\u00bb top_padding=\u00bb150&#8243; overlay_strength=\u00bb0.3&#8243;][vc_column column_padding=\u00bbno-extra-padding\u00bb column_padding_position=\u00bball\u00bb background_color_opacity=\u00bb1&#8243; background_hover_color_opacity=\u00bb1&#8243; width=\u00bb1\/2&#8243;][image_with_animation image_url=\u00bb5049&#8243; alignment=\u00bbcenter\u00bb animation=\u00bbFade In\u00bb][\/vc_column][vc_column column_padding=\u00bbno-extra-padding\u00bb column_padding_position=\u00bball\u00bb background_color_opacity=\u00bb1&#8243; background_hover_color_opacity=\u00bb1&#8243; width=\u00bb1\/2&#8243;][vc_column_text][\/vc_column_text][tabbed_section style=\u00bbdefault\u00bb alignment=\u00bbleft\u00bb][tab title=\u00bbIntroducci\u00f3n\u00bb tab_id=\u00bb1464090949362-10&#8243; id=\u00bb1464588747433-8&#8243;][vc_column_text]\n<p style=\"text-align: justify;\">CENTRO ACOUGO ofrece \u00e1s familias un amplo programa de campamentos de ver\u00e1n, adaptable en contidos segun as idades dos nenos e nenas, co obxectivo de que cada participante viva unha experiencia \u00fanica e inesquecible que contrib\u00faa ao seu crecemento como persoa. O noso obxectivo \u00e9 transmitir unha experiencia unica dentro dun ambiente rural e en contacto coa natureza, ampliar co\u00f1ecementos de fauna e flora mediante o compa\u00f1eirismo, o deporte en grupo, xogos tradicionais, excursi\u00f3ns pola natureza e unha infinidade de actividades sempre dentro do respecto \u00e1 natureza e a aprendizaxe de normas e convivencia dentro dos nosos campamentos.<\/p>\n[\/vc_column_text][\/tab][tab title=\u00bbCaracter\u00edsticas e Prezos\u00bb tab_id=\u00bb1464090949616-4&#8243; id=\u00bb1493202753849-4&#8243;][vc_column_text]\n<p style=\"text-align: justify;\"><strong>N\u00ba m\u00e1ximo de prazas ofertadas<\/strong>: 40<\/p>\n<p style=\"text-align: justify;\"><strong>N\u00ba m\u00ednimo de asistentes<\/strong>: 10.<\/p>\n<p style=\"text-align: justify;\"><strong>Duraci\u00f3n do campamento<\/strong>: Meses de Xullo e Agosto<\/p>\n<p style=\"text-align: justify;\"><strong>Equipo educativo<\/strong>: Monitores titulados.<\/p>\n<p style=\"text-align: justify;\"><strong>Medidas de seguridad: <\/strong>Atenci\u00f3n personalizada. Peche perimetral de todo o terreo.<\/p>\n<p style=\"text-align: justify;\"><strong>Tipo de campamento<\/strong>: Seguros: P\u00f3liza de Accidentes, P\u00f3liza de Responsabilidade Civil.<\/p>\n<p style=\"text-align: justify;\"><strong>Plazo Inscripci\u00f3n: <\/strong>aberto ata esgotarse as prazas<\/p>\n<p><strong>Tarifas: consultar<\/strong>. Dto. Irmans\/\/Quincena\/\/Mes.<strong><br \/>\n<\/strong><\/p>\n<p><strong>Campamento Multiactividades: <\/strong>Tirolina, Tiro con arco, Escalada, Interaccion con Animais, Equilibrio en Slackline, Rocodromo, Paseo en Barca, Busqueda do Tesouro,<strong><br \/>\n<\/strong><\/p>\n<p style=\"text-align: justify;\"><u>Imprescindible reserva previa no tel\u00e9fono 663 831 943 \u00a0ou en \u00a0<a href=\"&quot;mailto:reservas@acougo.com\">reservas@acougo.com<\/a><\/u><\/p>\n[\/vc_column_text][\/tab][tab title=\u00bbDescripci\u00f3n e fechas campamentos \u00bb tab_id=\u00bb1464588668644-8&#8243; id=\u00bb1733777739958-7&#8243;][vc_column_text]\n<div style=\"text-align: center;\" data-canvas-width=\"193.19568\"><em><strong>CAMPAMENTOS DE VERAN<br \/>\n<\/strong><\/em><\/div>\n<div style=\"text-align: center;\" data-canvas-width=\"193.19568\"><\/div>\n<p style=\"text-align: left;\"><strong>MULTIACTIVIDADES:<\/strong><\/p>\n<p>Campamentos onde se realizaran as actividades do centro Acougo, como , tirolina, tiro con arco, rutas de sendeirismo, yincana, busqueda do tesouro,beisbol, xogos tradicionais,\u00a0 interaci\u00f3n con animais&#8230;&#8230;&#8230;&#8230;&#8230;..[\/vc_column_text][\/tab][\/tabbed_section][\/vc_column][\/vc_row][vc_row type=\u00bbin_container\u00bb scene_position=\u00bbcenter\u00bb text_color=\u00bbdark\u00bb text_align=\u00bbleft\u00bb overlay_strength=\u00bb0.3&#8243;][vc_column column_padding=\u00bbno-extra-padding\u00bb column_padding_position=\u00bball\u00bb background_color_opacity=\u00bb1&#8243; background_hover_color_opacity=\u00bb1&#8243; width=\u00bb1\/1&#8243;][vc_column_text][\/vc_column_text][\/vc_column][\/vc_row]\n","protected":false},"excerpt":{"rendered":"<p>[vc_row type=\u00bbin_container\u00bb scene_position=\u00bbcenter\u00bb text_color=\u00bbdark\u00bb text_align=\u00bbleft\u00bb top_padding=\u00bb150&#8243; overlay_strength=\u00bb0.3&#8243;][vc_column column_padding=\u00bbno-extra-padding\u00bb column_padding_position=\u00bball\u00bb background_color_opacity=\u00bb1&#8243; background_hover_color_opacity=\u00bb1&#8243; width=\u00bb1\/2&#8243;][image_with_animation image_url=\u00bb5049&#8243; alignment=\u00bbcenter\u00bb animation=\u00bbFade In\u00bb][\/vc_column][vc_column column_padding=\u00bbno-extra-padding\u00bb column_padding_position=\u00bball\u00bb background_color_opacity=\u00bb1&#8243; background_hover_color_opacity=\u00bb1&#8243; width=\u00bb1\/2&#8243;][vc_column_text][\/vc_column_text][tabbed_section style=\u00bbdefault\u00bb alignment=\u00bbleft\u00bb][tab title=\u00bbIntroducci\u00f3n\u00bb tab_id=\u00bb1464090949362-10&#8243; id=\u00bb1464588747433-8&#8243;][vc_column_text] CENTRO ACOUGO ofrece \u00e1s&#8230;<\/p>\n","protected":false},"author":4,"featured_media":0,"parent":0,"menu_order":0,"comment_status":"closed","ping_status":"closed","template":"","meta":{"footnotes":""},"class_list":["post-5139","page","type-page","status-publish"],"_links":{"self":[{"href":"https:\/\/acougo.com\/es\/wp-json\/wp\/v2\/pages\/5139","targetHints":{"allow":["GET"]}}],"collection":[{"href":"https:\/\/acougo.com\/es\/wp-json\/wp\/v2\/pages"}],"about":[{"href":"https:\/\/acougo.com\/es\/wp-json\/wp\/v2\/types\/page"}],"author":[{"embeddable":true,"href":"https:\/\/acougo.com\/es\/wp-json\/wp\/v2\/users\/4"}],"replies":[{"embeddable":true,"href":"https:\/\/acougo.com\/es\/wp-json\/wp\/v2\/comments?post=5139"}],"version-history":[{"count":2,"href":"https:\/\/acougo.com\/es\/wp-json\/wp\/v2\/pages\/5139\/revisions"}],"predecessor-version":[{"id":5141,"href":"https:\/\/acougo.com\/es\/wp-json\/wp\/v2\/pages\/5139\/revisions\/5141"}],"wp:attachment":[{"href":"https:\/\/acougo.com\/es\/wp-json\/wp\/v2\/media?parent=5139"}],"curies":[{"name":"wp","href":"https:\/\/api.w.org\/{rel}","templated":true}]}}