{"id":5274,"date":"2026-03-03T14:22:57","date_gmt":"2026-03-03T14:22:57","guid":{"rendered":"https:\/\/acougo.com\/instalaciones-2026\/"},"modified":"2026-04-06T12:58:26","modified_gmt":"2026-04-06T12:58:26","slug":"instalaciones-2","status":"publish","type":"page","link":"https:\/\/acougo.com\/es\/instalaciones-2\/","title":{"rendered":"Instalaciones"},"content":{"rendered":"\t\t<div data-elementor-type=\"wp-page\" data-elementor-id=\"5274\" class=\"elementor elementor-5274 elementor-5247\" data-elementor-post-type=\"page\">\n\t\t\t\t<div class=\"elementor-element elementor-element-92afc89 e-flex e-con-boxed e-con e-parent\" data-id=\"92afc89\" data-element_type=\"container\" data-e-type=\"container\">\n\t\t\t\t\t<div class=\"e-con-inner\">\n\t\t\t\t<div class=\"elementor-element elementor-element-a2bf6d9 elementor-widget elementor-widget-spacer\" data-id=\"a2bf6d9\" data-element_type=\"widget\" data-e-type=\"widget\" data-widget_type=\"spacer.default\">\n\t\t\t\t\t\t\t<div class=\"elementor-spacer\">\n\t\t\t<div class=\"elementor-spacer-inner\"><\/div>\n\t\t<\/div>\n\t\t\t\t\t\t<\/div>\n\t\t\t\t\t<\/div>\n\t\t\t\t<\/div>\n\t\t<div class=\"elementor-element elementor-element-9be572c e-con-full e-flex e-con e-parent\" data-id=\"9be572c\" data-element_type=\"container\" data-e-type=\"container\">\n\t\t<div class=\"elementor-element elementor-element-97a9736 e-con-full e-flex e-con e-child\" data-id=\"97a9736\" data-element_type=\"container\" data-e-type=\"container\" data-settings=\"{&quot;background_background&quot;:&quot;classic&quot;}\">\n\t\t\t\t<\/div>\n\t\t<div class=\"elementor-element elementor-element-06d3a04 e-con-full e-flex e-con e-child\" data-id=\"06d3a04\" data-element_type=\"container\" data-e-type=\"container\">\n\t\t\t\t<div class=\"elementor-element elementor-element-d667090 elementor-widget elementor-widget-heading\" data-id=\"d667090\" data-element_type=\"widget\" data-e-type=\"widget\" data-widget_type=\"heading.default\">\n\t\t\t\t\t<h2 class=\"elementor-heading-title elementor-size-default\">Instalacions<\/h2>\t\t\t\t<\/div>\n\t\t\t\t<div class=\"elementor-element elementor-element-93c1923 elementor-widget elementor-widget-text-editor\" data-id=\"93c1923\" data-element_type=\"widget\" data-e-type=\"widget\" data-widget_type=\"text-editor.default\">\n\t\t\t\t\t\t\t\t\t<p>En sus m\u00e1s de 40.000 metros cuadrados de terreno completamente vallado, el centro ofrece una amplia variedad de espacios dise\u00f1ados para el disfrute y el aprendizaje. Dispone de varias zonas de juego, as\u00ed como de \u00e1reas cubiertas que permiten que las actividades contin\u00faen incluso en d\u00edas de lluvia.<\/p><p>Los visitantes podr\u00e1n acceder a diferentes espacios con animales, donde podr\u00e1n interactuar con gallos, gallinas, patos, cabras o perros, adem\u00e1s de descubrir una gran variedad de anfibios. En el coraz\u00f3n del centro se encuentra un hermoso lago que invita a dar tranquilos paseos en bote o a observar la rica vida que lo habita.<\/p><p>El recinto tambi\u00e9n cuenta con varios edificios y zonas cubiertas perfectamente equipadas.<\/p><p>Todo ello se complementa con un equipo de personas altamente cualificadas, formado por educadores medioambientales y monitores de ocio y tiempo libre, que desempe\u00f1an su labor con una clara vocaci\u00f3n pedag\u00f3gica y un firme compromiso con la educaci\u00f3n y el respeto por el medio ambiente.<\/p>\t\t\t\t\t\t\t\t<\/div>\n\t\t\t\t<div class=\"elementor-element elementor-element-88125c3 elementor-widget elementor-widget-heading\" data-id=\"88125c3\" data-element_type=\"widget\" data-e-type=\"widget\" data-widget_type=\"heading.default\">\n\t\t\t\t\t<h2 class=\"elementor-heading-title elementor-size-default\">Direcci\u00f3n<\/h2>\t\t\t\t<\/div>\n\t\t\t\t<div class=\"elementor-element elementor-element-5a446e7 elementor-widget elementor-widget-text-editor\" data-id=\"5a446e7\" data-element_type=\"widget\" data-e-type=\"widget\" data-widget_type=\"text-editor.default\">\n\t\t\t\t\t\t\t\t\t<p>Calle: SOBREIRA<br>Num: 148<br>CP : 32140<br>Localidad: VILAMAR\u00cdN<br>Provincia: Ourense<br>Coordenadas de localizaci\u00f3n GPS<br>42\u00ba 26\u00b4 38.3\u00b4\u00b4 N \u2013 7\u00ba 54\u00b4 49.5\u00b4\u00b4 O<\/p>\t\t\t\t\t\t\t\t<\/div>\n\t\t\t\t<\/div>\n\t\t\t\t<\/div>\n\t\t<div class=\"elementor-element elementor-element-529a6a6 e-con-full e-flex e-con e-parent\" data-id=\"529a6a6\" data-element_type=\"container\" data-e-type=\"container\">\n\t\t\t\t<div class=\"elementor-element elementor-element-b417e7b elementor-widget elementor-widget-text-editor\" data-id=\"b417e7b\" data-element_type=\"widget\" data-e-type=\"widget\" data-widget_type=\"text-editor.default\">\n\t\t\t\t\t\t\t\t\t<iframe src=\"https:\/\/www.google.com\/maps\/embed?pb=!1m14!1m8!1m3!1d31896.60962683531!2d-7.913306!3d42.442581!3m2!1i1024!2i768!4f13.1!3m3!1m2!1s0xd2fe4d7a68e3d09%3A0xd6b50a37d5a63a0e!2sCentro%20Acougo!5e1!3m2!1ses!2ses!4v1772548075596!5m2!1ses!2ses\" width=\"1920\" height=\"900\" style=\"border:0;\" allowfullscreen=\"\" loading=\"lazy\" referrerpolicy=\"no-referrer-when-downgrade\"><\/iframe>\t\t\t\t\t\t\t\t<\/div>\n\t\t\t\t<\/div>\n\t\t\t\t<\/div>\n\t\t","protected":false},"excerpt":{"rendered":"<p>Instalacions En sus m\u00e1s de 40.000 metros cuadrados de terreno completamente vallado, el centro ofrece una amplia variedad de espacios dise\u00f1ados para el disfrute y el aprendizaje. Dispone de varias&#8230;<\/p>\n","protected":false},"author":2,"featured_media":0,"parent":0,"menu_order":0,"comment_status":"closed","ping_status":"closed","template":"elementor_header_footer","meta":{"footnotes":""},"class_list":["post-5274","page","type-page","status-publish"],"_links":{"self":[{"href":"https:\/\/acougo.com\/es\/wp-json\/wp\/v2\/pages\/5274","targetHints":{"allow":["GET"]}}],"collection":[{"href":"https:\/\/acougo.com\/es\/wp-json\/wp\/v2\/pages"}],"about":[{"href":"https:\/\/acougo.com\/es\/wp-json\/wp\/v2\/types\/page"}],"author":[{"embeddable":true,"href":"https:\/\/acougo.com\/es\/wp-json\/wp\/v2\/users\/2"}],"replies":[{"embeddable":true,"href":"https:\/\/acougo.com\/es\/wp-json\/wp\/v2\/comments?post=5274"}],"version-history":[{"count":16,"href":"https:\/\/acougo.com\/es\/wp-json\/wp\/v2\/pages\/5274\/revisions"}],"predecessor-version":[{"id":5703,"href":"https:\/\/acougo.com\/es\/wp-json\/wp\/v2\/pages\/5274\/revisions\/5703"}],"wp:attachment":[{"href":"https:\/\/acougo.com\/es\/wp-json\/wp\/v2\/media?parent=5274"}],"curies":[{"name":"wp","href":"https:\/\/api.w.org\/{rel}","templated":true}]}}