{"id":5509,"date":"2026-04-01T06:13:19","date_gmt":"2026-04-01T06:13:19","guid":{"rendered":"https:\/\/acougo.com\/politica-de-privacidad\/"},"modified":"2026-04-01T06:13:20","modified_gmt":"2026-04-01T06:13:20","slug":"politica-de-privacidad","status":"publish","type":"page","link":"https:\/\/acougo.com\/es\/politica-de-privacidad\/","title":{"rendered":"Pol\u00edtica de Privacidad"},"content":{"rendered":"\t\t<div data-elementor-type=\"wp-page\" data-elementor-id=\"5509\" class=\"elementor elementor-5509 elementor-5417\" data-elementor-post-type=\"page\">\n\t\t\t\t<div class=\"elementor-element elementor-element-f6a3df2 e-flex e-con-boxed e-con e-parent\" data-id=\"f6a3df2\" data-element_type=\"container\" data-e-type=\"container\">\n\t\t\t\t\t<div class=\"e-con-inner\">\n\t\t\t\t<div class=\"elementor-element elementor-element-ad4f85c elementor-widget elementor-widget-spacer\" data-id=\"ad4f85c\" data-element_type=\"widget\" data-e-type=\"widget\" data-widget_type=\"spacer.default\">\n\t\t\t\t\t\t\t<div class=\"elementor-spacer\">\n\t\t\t<div class=\"elementor-spacer-inner\"><\/div>\n\t\t<\/div>\n\t\t\t\t\t\t<\/div>\n\t\t\t\t<div class=\"elementor-element elementor-element-39295ef elementor-widget elementor-widget-heading\" data-id=\"39295ef\" data-element_type=\"widget\" data-e-type=\"widget\" data-widget_type=\"heading.default\">\n\t\t\t\t\t<h2 class=\"elementor-heading-title elementor-size-default\">Pol\u00edtica de privacidad<\/h2>\t\t\t\t<\/div>\n\t\t\t\t<div class=\"elementor-element elementor-element-934bdc9 elementor-widget elementor-widget-text-editor\" data-id=\"934bdc9\" data-element_type=\"widget\" data-e-type=\"widget\" data-widget_type=\"text-editor.default\">\n\t\t\t\t\t\t\t\t\t<p><strong>1.RESPONSABLE<\/strong><\/p><p><span style=\"font-weight: 400;\">1.1.)<\/span> <span style=\"font-weight: 400;\">Datos de identificaci\u00f3n y contacto del Responsable<\/span><\/p><p>El responsable del tratamiento de los datos recogidos a trav\u00e9s de esta web es Gregorio Rojo \u00c1lvarez, con domicilio en Sobreira, 78, 32140 Vilamar\u00edn, 32005, Ourense (Ourense) y NIF G70605530. Puede contactar con el responsable a trav\u00e9s del siguiente correo electr\u00f3nico. <span style=\"font-weight: 400;\">info@acougo.com<\/span><span style=\"font-weight: 400;\"> o en el tel\u00e9fono <\/span><span style=\"font-weight: 400;\">603452020.<\/span><\/p><p><span style=\"font-weight: 400;\"><br><strong>2.FINALIDAD<\/strong><\/span><\/p><p><span style=\"font-weight: 400;\">2.1.) Descripci\u00f3n ampliada de los fines de tratamiento<\/span><\/p><p><span style=\"font-weight: 400;\">2.1.) Descripci\u00f3n ampliada de los fines del tratamiento<\/span><\/p><p><span style=\"font-weight: 400;\">Gesti\u00f3n de solicitudes<\/span><\/p><p><span style=\"font-weight: 400;\">2.2.) Per\u00edodos o criterios de retenci\u00f3n de datos<\/span><\/p><p><span style=\"font-weight: 400;\">Conservaremos los datos durante el tiempo que sea necesario para responder a la solicitud y cumplir con las obligaciones legales correspondientes.<\/span><\/p><p><span style=\"font-weight: 400;\">Los datos que nos ha proporcionado se conservar\u00e1n mientras sean necesarios para los fines indicados en el punto 2.1., o tambi\u00e9n se almacenar\u00e1n durante el tiempo requerido por la legislaci\u00f3n aplicable.<\/span><\/p><p><span style=\"font-weight: 400;\">2.3.) Decisi\u00f3ns automatizadas, perf\u00eds e l\u00f3xica aplicada<\/span><\/p><p><span style=\"font-weight: 400;\">Los datos recopilados a trav\u00e9s del sitio web no se utilizar\u00e1n para tomar decisiones automatizadas.<\/span><\/p><p><span style=\"font-weight: 400;\"><br><strong>3.LEGITIMACI\u00d3N<\/strong><\/span><\/p><p><span style=\"font-weight: 400;\">3.1.) Legislaci\u00f3n aplicable<\/span><\/p><p><span style=\"font-weight: 400;\">La legislaci\u00f3n aplicable es el Reglamento General de Protecci\u00f3n de Datos 2016\/679, de 27 de abril de 2016, as\u00ed como la Ley Org\u00e1nica 3\/2018, de 5 de diciembre, de Protecci\u00f3n de Datos de Car\u00e1cter Personal y garant\u00eda de los derechos digitales.<\/span><\/p><p><span style=\"font-weight: 400;\">3.2.) Detalles de la base jur\u00eddica para el tratamiento, en casos de obligaci\u00f3n legal, inter\u00e9s p\u00fablico o inter\u00e9s leg\u00edtimo.<\/span><\/p><p><span style=\"font-weight: 400;\">Consentimiento del interesado<\/span><\/p><p><span style=\"font-weight: 400;\">3.3.) Obligaci\u00f3n o no de proporcionar datos y consecuencias de no hacerlo<\/span><\/p><p><span style=\"font-weight: 400;\">No est\u00e1 obligado a proporcionarnos los datos, sin embargo, ser\u00e1n necesarios para poder gestionar las sugerencias o solicitudes que desee realizarnos a trav\u00e9s del sitio web.<\/span><\/p><p><span style=\"font-weight: 400;\"><br><strong>4.DESTINATARIOS<\/strong><\/span><\/p><p><span style=\"font-weight: 400;\">4.1.) Destinatarios o categor\u00edas de destinatarios<\/span><\/p><p><span style=\"font-weight: 400;\">Encargados de tratamento<\/span><\/p><p><span style=\"font-weight: 400;\">4.2.) Destinatarios espec\u00edficos<\/span><\/p><p><span style=\"font-weight: 400;\">Los encargados del tratamiento de datos acceden a los datos proporcionados a trav\u00e9s de este sitio web para el ejercicio de sus funciones de mantenimiento.<\/span><\/p><p><span style=\"font-weight: 400;\">4.3.) Decisiones de adecuaci\u00f3n, garant\u00edas, normas corporativas vinculantes o situaciones espec\u00edficas aplicables<\/span><\/p><p><span style=\"font-weight: 400;\">Non existen.<\/span><\/p><p><span style=\"font-weight: 400;\">4.4.) Transferencias internacionales<\/span><\/p><p><span style=\"font-weight: 400;\">No existen<\/span><\/p><p><span style=\"font-weight: 400;\"><br><strong>5.DERECHOS<\/strong><\/span><\/p><p><span style=\"font-weight: 400;\">5.1.) C\u00f3mo ejercer los derechos de acceso, rectificaci\u00f3n, supresi\u00f3n y portabilidad de sus datos, y la limitaci\u00f3n u oposici\u00f3n a su tratamiento.<\/span><\/p><p>El interesado podr\u00e1 conocer, modificar o eliminar los datos que la empresa tenga sobre su persona por correo electr\u00f3nico adjuntando su documento de identidad o por correo postal a Sobreira, 78. 32140 Vilamar\u00edn, 32005, Ourense (Ourense).<\/p><p>El interesado podr\u00e1 transferir sus datos a otra entidad o limitar los datos existentes que la empresa tenga sobre su persona por correo electr\u00f3nico proporcionando su DNI o por correo postal a Sobreira, 78. 32140 Vilamar\u00edn, 32005, Ourense (Ourense).<\/p><p><span style=\"font-weight: 400;\">5.2.) Derecho a retirar el consentimiento otorgado<\/span><\/p><p>El interesado podr\u00e1 retirar los datos que la empresa tenga sobre su persona por correo electr\u00f3nico adjuntando su documento de identidad o por correo postal a Sobreira, 78. 32140 Vilamar\u00edn, 32005, Ourense (Ourense).<\/p><p><span style=\"font-weight: 400;\">5.3.) Derecho a presentar una queja ante la Autoridad de Control<\/span><\/p><p><span style=\"font-weight: 400;\">El interesado podr\u00e1 presentar una reclamaci\u00f3n ante la Agencia Espa\u00f1ola de Protecci\u00f3n de Datos por cualquier incidente que pudiera surgir.<\/span><\/p><p><span style=\"font-weight: 400;\"><br><strong>6.PROCEDENCIA<\/strong><\/span><\/p><p><span style=\"font-weight: 400;\">6.1.) Informaci\u00f3n detallada sobre el origen de los datos<\/span><\/p><p><span style=\"font-weight: 400;\">Facilitado por la parte interesada<\/span><\/p><p><span style=\"font-weight: 400;\">6.2.) Categor\u00edas de datos que se procesan<\/span><\/p><p><span style=\"font-weight: 400;\">-Informaci\u00f3n comercial: Nombre y apellidos, correo electr\u00f3nico<\/span><\/p>\t\t\t\t\t\t\t\t<\/div>\n\t\t\t\t\t<\/div>\n\t\t\t\t<\/div>\n\t\t\t\t<\/div>\n\t\t","protected":false},"excerpt":{"rendered":"<p>Pol\u00edtica de privacidad 1.RESPONSABLE 1.1.) Datos de identificaci\u00f3n y contacto del Responsable El responsable del tratamiento de los datos recogidos a trav\u00e9s de esta web es Gregorio Rojo \u00c1lvarez, con&#8230;<\/p>\n","protected":false},"author":2,"featured_media":0,"parent":0,"menu_order":0,"comment_status":"closed","ping_status":"closed","template":"","meta":{"footnotes":""},"class_list":["post-5509","page","type-page","status-publish"],"_links":{"self":[{"href":"https:\/\/acougo.com\/es\/wp-json\/wp\/v2\/pages\/5509","targetHints":{"allow":["GET"]}}],"collection":[{"href":"https:\/\/acougo.com\/es\/wp-json\/wp\/v2\/pages"}],"about":[{"href":"https:\/\/acougo.com\/es\/wp-json\/wp\/v2\/types\/page"}],"author":[{"embeddable":true,"href":"https:\/\/acougo.com\/es\/wp-json\/wp\/v2\/users\/2"}],"replies":[{"embeddable":true,"href":"https:\/\/acougo.com\/es\/wp-json\/wp\/v2\/comments?post=5509"}],"version-history":[{"count":1,"href":"https:\/\/acougo.com\/es\/wp-json\/wp\/v2\/pages\/5509\/revisions"}],"predecessor-version":[{"id":5510,"href":"https:\/\/acougo.com\/es\/wp-json\/wp\/v2\/pages\/5509\/revisions\/5510"}],"wp:attachment":[{"href":"https:\/\/acougo.com\/es\/wp-json\/wp\/v2\/media?parent=5509"}],"curies":[{"name":"wp","href":"https:\/\/api.w.org\/{rel}","templated":true}]}}