{"id":5516,"date":"2026-04-01T06:22:10","date_gmt":"2026-04-01T06:22:10","guid":{"rendered":"https:\/\/acougo.com\/aviso-legal\/"},"modified":"2026-04-01T06:22:10","modified_gmt":"2026-04-01T06:22:10","slug":"aviso-legal","status":"publish","type":"page","link":"https:\/\/acougo.com\/es\/aviso-legal\/","title":{"rendered":"Aviso legal"},"content":{"rendered":"\t\t<div data-elementor-type=\"wp-page\" data-elementor-id=\"5516\" class=\"elementor elementor-5516 elementor-5391\" data-elementor-post-type=\"page\">\n\t\t\t\t<div class=\"elementor-element elementor-element-f056562 e-flex e-con-boxed e-con e-parent\" data-id=\"f056562\" data-element_type=\"container\" data-e-type=\"container\">\n\t\t\t\t\t<div class=\"e-con-inner\">\n\t\t\t\t<div class=\"elementor-element elementor-element-6a73fc3 elementor-widget elementor-widget-spacer\" data-id=\"6a73fc3\" data-element_type=\"widget\" data-e-type=\"widget\" data-widget_type=\"spacer.default\">\n\t\t\t\t\t\t\t<div class=\"elementor-spacer\">\n\t\t\t<div class=\"elementor-spacer-inner\"><\/div>\n\t\t<\/div>\n\t\t\t\t\t\t<\/div>\n\t\t\t\t<div class=\"elementor-element elementor-element-614515b elementor-widget elementor-widget-heading\" data-id=\"614515b\" data-element_type=\"widget\" data-e-type=\"widget\" data-widget_type=\"heading.default\">\n\t\t\t\t\t<h2 class=\"elementor-heading-title elementor-size-default\">AVISO LEGAL<\/h2>\t\t\t\t<\/div>\n\t\t\t\t<div class=\"elementor-element elementor-element-425de32 elementor-widget elementor-widget-text-editor\" data-id=\"425de32\" data-element_type=\"widget\" data-e-type=\"widget\" data-widget_type=\"text-editor.default\">\n\t\t\t\t\t\t\t\t\t<p data-path-to-node=\"0\">Aqu\u00ed tes o texto traducido integramente ao galego, respectando a terminolox\u00eda xur\u00eddica e a estrutura orixinal:<\/p><p data-path-to-node=\"1\">Centro Acougo (en adelante \u201cla empresa\u201d), con domicilio social en Sobreira, 78. 32140 Vilamar\u00edn, (Ourense), y con NIF n\u00ba G70605530. INFORMACI\u00d3N:<\/p><p data-path-to-node=\"2\">El uso del nombre de dominio acougo.com est\u00e1 debidamente registrado por la empresa, con todas las garant\u00edas previstas en la <span class=\"citation-6331\">Ley 34\/2002, de 11 de julio, de Servicios de la Sociedad de la Informaci\u00f3n y de Comercio Electr\u00f3nico.<\/span> No obstante, se subraya que estas Condiciones Legales c<span class=\"citation-6330 citation-6331 citation-end-6331\">umplen \u00edntegramente con la normativa vigente en materia de Protecci\u00f3n de Datos<\/span>, <span class=\"citation-6330 citation-end-6330\">Comercio Electr\u00f3nico, Condiciones de Contrataci\u00f3n, Propiedad Intelectual y dem\u00e1s disposiciones subsidiarias.<\/span><\/p><div class=\"source-inline-chip-container ng-star-inserted\"> <\/div><p data-path-to-node=\"3\"><b data-path-to-node=\"3\" data-index-in-node=\"0\">1. ACEPTACI\u00d3N DE LOS T\u00c9RMINOS LEGALES<\/b><\/p><p data-path-to-node=\"4\">1.1.) El acceso a este sitio web o su uso, de cualquier forma, implica la aceptaci\u00f3n de todos y cada uno de estos T\u00e9rminos Legales, reserv\u00e1ndose la empresa el derecho a modificarlos en cualquier momento. En consecuencia, ser\u00e1 responsabilidad de cada visitante y\/o Usuario leer atentamente los T\u00e9rminos Legales de Uso vigentes cada vez que acceda a este sitio web, de modo que, si no est\u00e1 de acuerdo con alguno de los t\u00e9rminos aqu\u00ed establecidos, deber\u00e1 abstenerse de utilizarlo. <\/p><p data-path-to-node=\"5\"><b data-path-to-node=\"5\" data-index-in-node=\"0\">2. OBJECTO<\/b><\/p><p data-path-to-node=\"6\">2.1.) A trav\u00e9s del sitio web acougo.com, los Usuarios tienen acceso a diversos contenidos, servicios, informaci\u00f3n y datos (los \u00abcontenidos\u00bb). La empresa se reserva el derecho de modificar en cualquier momento la presentaci\u00f3n, configuraci\u00f3n y ubicaci\u00f3n del sitio web, as\u00ed como los contenidos, productos y servicios que ofrece.<\/p><div class=\"source-inline-chip-container ng-star-inserted\"> <\/div><p data-path-to-node=\"7\"><b data-path-to-node=\"7\" data-index-in-node=\"0\">3. CONDICIONES DE ACCESO<\/b><\/p><p data-path-to-node=\"8\">3.1.) El acceso a la informaci\u00f3n sobre los diferentes productos y servicios disponibles en el sitio web, as\u00ed como la navegaci\u00f3n por el mismo, ser\u00e1 gratuito y sin cargo alguno, y los Usuarios no estar\u00e1n exentos del registro correspondiente con la consiguiente entrega de sus datos personales, ni del uso de claves o contrase\u00f1as.<\/p><p data-path-to-node=\"9\">3.2.) Cuando sea necesario proporcionar datos personales para acceder a determinados contenidos o servicios, los Usuarios garantizar\u00e1n su veracidad, exactitud, autenticidad y validez. La empresa dar\u00e1 a dichos datos el tratamiento automatizado que corresponda a su naturaleza o finalidad, en los t\u00e9rminos indicados en la secci\u00f3n de Pol\u00edtica de Protecci\u00f3n de Datos. <\/p><p data-path-to-node=\"10\"><b data-path-to-node=\"10\" data-index-in-node=\"0\">4. CONDICIONES DE UTILIZACI\u00d3N<\/b><\/p><p data-path-to-node=\"11\">4.1.) El Usuario se compromete a hacer un uso apropiado y l\u00edcito del sitio web, as\u00ed como de los contenidos y servicios, de conformidad con la legislaci\u00f3n aplicable en cada momento, los T\u00e9rminos Legales del sitio web, la moral y las buenas costumbres generalmente aceptadas y el orden p\u00fablico.<\/p><div class=\"source-inline-chip-container ng-star-inserted\"> <\/div><p data-path-to-node=\"12\"><span class=\"citation-6322 citation-6323 citation-end-6323\">El usuario deber\u00e1 absterse de:<\/span><\/p><div class=\"source-inline-chip-container ng-star-inserted\"> <\/div><ul data-path-to-node=\"13\"><li><p data-path-to-node=\"13,0,0\">Hacer un uso no autorizado o fraudulento del sitio web y\/o de los contenidos para fines o efectos il\u00edcitos, prohibidos en estos T\u00e9rminos Legales, perjudiciales para los derechos e intereses de terceros, o que de cualquier forma puedan da\u00f1ar, inutilizar, sobrecargar, deteriorar o impedir el uso normal de los servicios o documentos, archivos y todo tipo de contenidos almacenados en cualquier equipo inform\u00e1tico;<\/p><div class=\"source-inline-chip-container ng-star-inserted\"> <\/div><\/li><li><p data-path-to-node=\"13,1,0\">Acceder o intentar acceder a recursos o \u00e1reas restringidas del sitio web sin cumplir con las condiciones requeridas para dicho acceso;<\/p><div class=\"source-inline-chip-container ng-star-inserted\"> <\/div><\/li><li><p data-path-to-node=\"13,2,0\"><span class=\"citation-6316 citation-end-6316\">Causar da\u00f1os a los sistemas f\u00edsicos o l\u00f3gicos del sitio web, sus proveedores o terceros;<\/span><\/p><div class=\"source-inline-chip-container ng-star-inserted\"> <\/div><\/li><li><p data-path-to-node=\"13,3,0\">Introducir o propagar virus inform\u00e1ticos o cualquier otro sistema f\u00edsico o l\u00f3gico en la red que pueda causar da\u00f1os a los sistemas f\u00edsicos o l\u00f3gicos de la empresa, sus proveedores o terceros;<\/p><div class=\"source-inline-chip-container ng-star-inserted\"> <\/div><\/li><li><p data-path-to-node=\"13,4,0\">Intentar acceder, usar y\/o manipular los datos de la empresa, de proveedores externos y de otros Usuarios;<\/p><div class=\"source-inline-chip-container ng-star-inserted\"> <\/div><\/li><li><p data-path-to-node=\"13,5,0\">Reproducir o copiar, distribuir, permitir el acceso p\u00fablico a trav\u00e9s de cualquier forma de comunicaci\u00f3n p\u00fablica, transformar o modificar los contenidos, a menos que exista autorizaci\u00f3n expresa del titular de los derechos correspondientes o que est\u00e9 legalmente permitido;<\/p><div class=\"source-inline-chip-container ng-star-inserted\"> <\/div><\/li><li><p data-path-to-node=\"13,6,0\">Eliminar, ocultar o manipular las notas sobre derechos de propiedad intelectual o industrial y otros datos identificativos de los derechos de la empresa o de terceros incorporados en los contenidos, as\u00ed como los dispositivos de protecci\u00f3n t\u00e9cnica o cualquier mecanismo de informaci\u00f3n que pueda insertarse en los contenidos;<\/p><div class=\"source-inline-chip-container ng-star-inserted\"> <\/div><\/li><li><p data-path-to-node=\"13,7,0\">Intentar obtener datos personales distintos de los que usted est\u00e1 autorizado a conocer, utilizando medios o procedimientos il\u00edcitos, fraudulentos o que puedan causar cualquier tipo de da\u00f1o (v\u00e9anse virus, troyanos, errores inform\u00e1ticos, gusanos, etc.).<\/p><div class=\"source-inline-chip-container ng-star-inserted\"> <\/div><\/li><li><p data-path-to-node=\"13,8,0\">En particular, y a t\u00edtulo meramente ilustrativo y no exhaustivo, el Usuario se compromete a no transmitir, difundir ni poner a disposici\u00f3n de terceros informaci\u00f3n, datos, contenidos, mensajes, gr\u00e1ficos, dibujos, archivos de sonido y\/o imagen, fotograf\u00edas, grabaciones, software y, en general, cualquier tipo de material que:<\/p><ul data-path-to-node=\"13,8,1\"><li><p data-path-to-node=\"13,8,1,0,0\">De cualquier forma que sea contraria a, menosprecie o viole los derechos fundamentales y las libertades p\u00fablicas reconocidas constitucionalmente, en los tratados internacionales y en el resto de la legislaci\u00f3n;<\/p><div class=\"source-inline-chip-container ng-star-inserted\"> <\/div><\/li><li><p data-path-to-node=\"13,8,1,1,0\">Induce, incita o promueve actos delictivos, denigrantes, difamatorios, violentos o, en general, contrarios a la ley, la moral, las buenas costumbres generalmente aceptadas o el orden p\u00fablico;<\/p><div class=\"source-inline-chip-container ng-star-inserted\"> <\/div><\/li><li><p data-path-to-node=\"13,8,1,2,0\">Induce, incita o promueve acciones, actitudes o pensamientos discriminatorios basados \u200b\u200ben el sexo, la raza, la religi\u00f3n, las creencias, la edad o la condici\u00f3n;<\/p><div class=\"source-inline-chip-container ng-star-inserted\"> <\/div><\/li><li><p data-path-to-node=\"13,8,1,3,0\">Incorporar, poner a disposici\u00f3n o permitir el acceso a productos, elementos, mensajes y\/o servicios que sean delictivos, violentos, ofensivos, da\u00f1inos, degradantes o, en general, contrarios a la ley, la moral y las buenas costumbres generalmente aceptadas o al orden p\u00fablico;<\/p><div class=\"source-inline-chip-container ng-star-inserted\"> <\/div><\/li><li><p data-path-to-node=\"13,8,1,4,0\"><span class=\"citation-6297 citation-end-6297\">Induce o puede inducir un estado inaceptable de ansiedad o miedo;<\/span><\/p><div class=\"source-inline-chip-container ng-star-inserted\"> <\/div><\/li><li><p data-path-to-node=\"13,8,1,5,0\">Induce o incita a participar en pr\u00e1cticas peligrosas, arriesgadas o perjudiciales para la salud y el equilibrio mental;<\/p><div class=\"source-inline-chip-container ng-star-inserted\"> <\/div><\/li><li><p data-path-to-node=\"13,8,1,6,0\">Est\u00e1 protegido por la legislaci\u00f3n sobre propiedad intelectual o industrial perteneciente a la empresa o a terceros, sin que se haya autorizado el uso previsto;<\/p><\/li><li><p data-path-to-node=\"13,8,1,7,0\">Es contrario al honor, la privacidad personal y familiar o la autoimagen de las personas;<\/p><div class=\"source-inline-chip-container ng-star-inserted\"> <\/div><\/li><li><p data-path-to-node=\"13,8,1,8,0\"><span class=\"citation-6294 citation-end-6294\">Constituye cualquier tipo de publicidad;<\/span><\/p><div class=\"source-inline-chip-container ng-star-inserted\"> <\/div><\/li><li><p data-path-to-node=\"13,8,1,9,0\"><span class=\"citation-6293 citation-end-6293\">Incluya cualquier tipo de virus o programa que impida el funcionamiento normal del sitio web.<\/span><\/p><div class=\"source-inline-chip-container ng-star-inserted\"> <\/div><\/li><\/ul><\/li><\/ul><p data-path-to-node=\"14\"><b data-path-to-node=\"14\" data-index-in-node=\"0\">5. RESPONSABILIDADES<\/b><\/p><p data-path-to-node=\"15\">5.1.) La empresa no garantiza el acceso continuo, ni la correcta visualizaci\u00f3n, descarga o utilidad de los elementos e informaci\u00f3n contenidos en las p\u00e1ginas de la empresa, que pueden verse impedidos, obstaculizados o interrumpidos por factores o circunstancias que est\u00e1n fuera de su control.<\/p><div class=\"source-inline-chip-container ng-star-inserted\"> <\/div><p data-path-to-node=\"16\">5.2.) La empresa podr\u00e1 interrumpir el servicio o terminar inmediatamente la relaci\u00f3n con el Usuario si detecta que el uso de su Portal o de cualquiera de los servicios ofrecidos en el mismo es contrario a estos T\u00e9rminos Legales.<\/p><p data-path-to-node=\"17\">5.3.) La empresa pone a disposici\u00f3n de los Usuarios una direcci\u00f3n de correo electr\u00f3nico info@acougo.com para que cualquier contenido que pueda afectar la actividad de otros usuarios pueda hacerse p\u00fablico, con la intenci\u00f3n de rectificarlo si procede.<\/p><p data-path-to-node=\"18\">5.4.) La empresa no se hace responsable de los da\u00f1os, p\u00e9rdidas, reclamaciones o gastos causados \u200b\u200bpor:<\/p><div class=\"source-inline-chip-container ng-star-inserted\"> <\/div><ul data-path-to-node=\"19\"><li><p data-path-to-node=\"19,0,0\">Interferencias, interrupciones, fallas, omisiones, aver\u00edas telef\u00f3nicas, retrasos, bloqueos o desconexiones en el funcionamiento del sistema electr\u00f3nico, causadas por deficiencias, sobrecargas y errores en las l\u00edneas y redes de telecomunicaciones, o por cualquier otra causa ajena al control de la empresa;<\/p><div class=\"source-inline-chip-container ng-star-inserted\"> <\/div><\/li><li><p data-path-to-node=\"19,1,0\">Interferencias ileg\u00edtimas mediante el uso de programas maliciosos de cualquier tipo y a trav\u00e9s de cualquier medio de comunicaci\u00f3n, como virus inform\u00e1ticos o cualquier otro;<\/p><div class=\"source-inline-chip-container ng-star-inserted\"> <\/div><\/li><li><p data-path-to-node=\"19,2,0\"><span class=\"citation-6284 citation-end-6284\">Uso indebido o inapropiado de las p\u00e1ginas web de la empresa;<\/span><\/p><div class=\"source-inline-chip-container ng-star-inserted\"> <\/div><\/li><li><p data-path-to-node=\"19,3,0\">Errores de seguridad o navegaci\u00f3n causados \u200b\u200bpor un mal funcionamiento del navegador o por el uso de versiones obsoletas del mismo. Los administradores de la empresa se reservan el derecho de retirar, total o parcialmente, cualquier contenido o informaci\u00f3n presente en el sitio web.<\/p><div class=\"source-inline-chip-container ng-star-inserted\"> <\/div><\/li><\/ul><p data-path-to-node=\"20\">5.5.) La empresa excluye cualquier responsabilidad por da\u00f1os de cualquier naturaleza que puedan derivarse del mal uso de los servicios disponibles y utilizados libremente por los usuarios del sitio web. Asimismo, la empresa queda exenta de responsabilidad por el contenido y la informaci\u00f3n que se reciba como resultado de los formularios de recogida de datos, los cuales se destinan exclusivamente a la prestaci\u00f3n de los servicios descritos ofrecidos por la empresa; servicios tales como comercio electr\u00f3nico y solicitud de presupuestos. Por otro lado, en caso de causar da\u00f1os y perjuicios debido a un uso il\u00edcito o incorrecto de dichos servicios, la empresa podr\u00e1 reclamar al usuario la indemnizaci\u00f3n correspondiente. <\/p><div class=\"source-inline-chip-container ng-star-inserted\"> <\/div><p data-path-to-node=\"21\"><b data-path-to-node=\"21\" data-index-in-node=\"0\">6. PROPIEDAD INTELECTUAL E INDUSTRIAL<\/b><\/p><p data-path-to-node=\"22\">6.1.) El Usuario reconoce y acepta que todas las marcas, nombres comerciales o signos distintivos, todos los derechos de propiedad industrial e intelectual, sobre los contenidos y\/o cualquier otro elemento insertado en la p\u00e1gina, son propiedad exclusiva de la empresa y\/o de terceros, quienes tienen el derecho exclusivo de usarlos en el tr\u00e1fico econ\u00f3mico. En ning\u00fan caso el acceso al Sitio Web implica renuncia, transmisi\u00f3n, licencia o cesi\u00f3n total o parcial de dichos derechos, salvo que se establezca expresamente lo contrario. Estas Condiciones Legales del Sitio Web no confieren a los Usuarios ning\u00fan otro derecho a usar, alterar, explotar, reproducir, distribuir o comunicar p\u00fablicamente el Sitio Web y\/o sus Contenidos, distinto de los expresamente previstos en el presente documento. Cualquier otro uso o explotaci\u00f3n de cualquier derecho estar\u00e1 sujeto a la autorizaci\u00f3n previa y expresa otorgada espec\u00edficamente para tal efecto por la empresa o el tercero titular de los derechos afectados. <\/p><div class=\"source-inline-chip-container ng-star-inserted\"> <\/div><p data-path-to-node=\"23\">6.2.) Los contenidos, textos, fotograf\u00edas, dise\u00f1os, logotipos, im\u00e1genes, programas inform\u00e1ticos, c\u00f3digos fuente y, en general, cualquier creaci\u00f3n intelectual existente en este sitio, as\u00ed como el sitio en su conjunto, como obra art\u00edstica multimedia, est\u00e1n protegidos por derechos de autor conforme a la legislaci\u00f3n sobre propiedad intelectual. La empresa es propietaria de los elementos que conforman el dise\u00f1o gr\u00e1fico de su sitio web, los men\u00fas, botones de navegaci\u00f3n, el c\u00f3digo HTML, los textos, im\u00e1genes, texturas, gr\u00e1ficos y cualquier otro contenido del sitio web o, en cualquier caso, cuenta con la autorizaci\u00f3n correspondiente para el uso de dichos elementos. El contenido proporcionado en dicho sitio web no podr\u00e1 ser reproducido total o parcialmente, ni transmitido, ni registrado por ning\u00fan sistema de recuperaci\u00f3n de informaci\u00f3n, en ninguna forma ni por ning\u00fan medio, salvo autorizaci\u00f3n previa, por escrito, de la mencionada Entidad. <\/p><div class=\"source-inline-chip-container ng-star-inserted\"> <\/div><p data-path-to-node=\"24\">6.3.) Queda prohibido suprimir, eludir o manipular los derechos de autor y de la empresa, as\u00ed como los dispositivos de protecci\u00f3n t\u00e9cnica o cualquier mecanismo de informaci\u00f3n que pueda contener los contenidos. El Usuario de este Sitio Web se compromete a respetar los derechos aqu\u00ed mencionados y a evitar cualquier acci\u00f3n que pudiera perjudicarlos, reserv\u00e1ndose la empresa, en todo caso, el ejercicio de los medios o acciones legales que le correspondan en defensa de sus leg\u00edtimos derechos de propiedad intelectual e industrial.<\/p><div class=\"source-inline-chip-container ng-star-inserted\"> <\/div><p data-path-to-node=\"25\"><b data-path-to-node=\"25\" data-index-in-node=\"0\">7. PROTECCI\u00d3N DE DATOS<\/b><\/p><p data-path-to-node=\"26\">7.1.) Para utilizar algunos de los Servicios, los Usuarios deben proporcionar previamente ciertos datos personales. Para ello, la empresa procesar\u00e1 autom\u00e1ticamente los Datos Personales de conformidad con el Reglamento General de Protecci\u00f3n de Datos (RGPD) 2016\/679, de 27 de abril de 2016. Para ello, el usuario puede acceder a la pol\u00edtica de tratamiento de datos personales (POL\u00cdTICA DE PROTECCI\u00d3N DE DATOS), as\u00ed como a la definici\u00f3n de las finalidades previamente establecidas, tal como se prev\u00e9 en las condiciones definidas en la Pol\u00edtica de Protecci\u00f3n de Datos presentada en el Sitio Web.<\/p><div class=\"source-inline-chip-container ng-star-inserted\"> <\/div><p data-path-to-node=\"27\"><b data-path-to-node=\"27\" data-index-in-node=\"0\">8. DURACI\u00d3N Y TERMINACI\u00d3N<\/b><\/p><p data-path-to-node=\"28\">8.1.) La prestaci\u00f3n del servicio de este sitio web y de los dem\u00e1s servicios tiene, en principio, una duraci\u00f3n indefinida. No obstante, la empresa podr\u00e1 rescindir o suspender cualquiera de los servicios del portal. En tal caso, la empresa comunicar\u00e1 la rescisi\u00f3n o suspensi\u00f3n de la prestaci\u00f3n del servicio en cuesti\u00f3n.<\/p><div class=\"source-inline-chip-container ng-star-inserted\"> <\/div><p data-path-to-node=\"29\"><b data-path-to-node=\"29\" data-index-in-node=\"0\">9. FUERZA MAYOR<\/b><\/p><p data-path-to-node=\"30\">9.1.) La empresa no ser\u00e1 responsable en ning\u00fan caso de la imposibilidad de prestar el servicio, si esta se debe a interrupciones prolongadas en el suministro el\u00e9ctrico, l\u00edneas de telecomunicaciones, conflictos sociales, huelgas, rebeli\u00f3n, explosiones, inundaciones, actos y omisiones del Gobierno y en general todos los casos de fuerza mayor.<\/p><div class=\"source-inline-chip-container ng-star-inserted\"> <\/div><p data-path-to-node=\"31\"><b data-path-to-node=\"31\" data-index-in-node=\"0\">10. COOKIES UTILIZADAS EN ESTE SITIO WEB<\/b><\/p><p data-path-to-node=\"32\">10.1.) Siguiendo las directrices de la Agencia Espa\u00f1ola de Protecci\u00f3n de Datos, puede consultar nuestra pol\u00edtica de cookies haciendo clic aqu\u00ed.<\/p><p data-path-to-node=\"33\"><b data-path-to-node=\"33\" data-index-in-node=\"0\">11. LEY APLICABLE Y JURISDICCI\u00d3N<\/b><\/p><p data-path-to-node=\"34\">11.1.) Estas Condiciones Legales se rigen por la legislaci\u00f3n espa\u00f1ola. En la medida permitida por la ley, las partes renuncian expresamente a cualquier otro fuero que pudiera corresponderles y se someten a la jurisdicci\u00f3n de los Juzgados y Tribunales del domicilio social de la empresa. <\/p>\t\t\t\t\t\t\t\t<\/div>\n\t\t\t\t\t<\/div>\n\t\t\t\t<\/div>\n\t\t\t\t<\/div>\n\t\t","protected":false},"excerpt":{"rendered":"<p>AVISO LEGAL Aqu\u00ed tes o texto traducido integramente ao galego, respectando a terminolox\u00eda xur\u00eddica e a estrutura orixinal: Centro Acougo (en adelante \u201cla empresa\u201d), con domicilio social en Sobreira, 78&#8230;.<\/p>\n","protected":false},"author":2,"featured_media":0,"parent":0,"menu_order":0,"comment_status":"closed","ping_status":"closed","template":"","meta":{"footnotes":""},"class_list":["post-5516","page","type-page","status-publish"],"_links":{"self":[{"href":"https:\/\/acougo.com\/es\/wp-json\/wp\/v2\/pages\/5516","targetHints":{"allow":["GET"]}}],"collection":[{"href":"https:\/\/acougo.com\/es\/wp-json\/wp\/v2\/pages"}],"about":[{"href":"https:\/\/acougo.com\/es\/wp-json\/wp\/v2\/types\/page"}],"author":[{"embeddable":true,"href":"https:\/\/acougo.com\/es\/wp-json\/wp\/v2\/users\/2"}],"replies":[{"embeddable":true,"href":"https:\/\/acougo.com\/es\/wp-json\/wp\/v2\/comments?post=5516"}],"version-history":[{"count":1,"href":"https:\/\/acougo.com\/es\/wp-json\/wp\/v2\/pages\/5516\/revisions"}],"predecessor-version":[{"id":5517,"href":"https:\/\/acougo.com\/es\/wp-json\/wp\/v2\/pages\/5516\/revisions\/5517"}],"wp:attachment":[{"href":"https:\/\/acougo.com\/es\/wp-json\/wp\/v2\/media?parent=5516"}],"curies":[{"name":"wp","href":"https:\/\/api.w.org\/{rel}","templated":true}]}}