{"id":5521,"date":"2026-04-01T06:29:15","date_gmt":"2026-04-01T06:29:15","guid":{"rendered":"https:\/\/acougo.com\/domingos-acougo\/"},"modified":"2026-04-06T12:49:46","modified_gmt":"2026-04-06T12:49:46","slug":"domingos-acougo","status":"publish","type":"page","link":"https:\/\/acougo.com\/es\/domingos-acougo\/","title":{"rendered":"Domingos Acougo"},"content":{"rendered":"\t\t<div data-elementor-type=\"wp-page\" data-elementor-id=\"5521\" class=\"elementor elementor-5521 elementor-5348\" data-elementor-post-type=\"page\">\n\t\t\t\t<div class=\"elementor-element elementor-element-698bbb9 e-flex e-con-boxed e-con e-parent\" data-id=\"698bbb9\" data-element_type=\"container\" data-e-type=\"container\">\n\t\t\t\t\t<div class=\"e-con-inner\">\n\t\t\t\t<div class=\"elementor-element elementor-element-f629cc2 elementor-widget elementor-widget-spacer\" data-id=\"f629cc2\" data-element_type=\"widget\" data-e-type=\"widget\" data-widget_type=\"spacer.default\">\n\t\t\t\t\t\t\t<div class=\"elementor-spacer\">\n\t\t\t<div class=\"elementor-spacer-inner\"><\/div>\n\t\t<\/div>\n\t\t\t\t\t\t<\/div>\n\t\t\t\t\t<\/div>\n\t\t\t\t<\/div>\n\t\t<div class=\"elementor-element elementor-element-96d1390 e-con-full e-flex e-con e-parent\" data-id=\"96d1390\" data-element_type=\"container\" data-e-type=\"container\">\n\t\t\t\t<div class=\"elementor-element elementor-element-97feaf0 elementor-widget elementor-widget-image\" data-id=\"97feaf0\" data-element_type=\"widget\" data-e-type=\"widget\" data-widget_type=\"image.default\">\n\t\t\t\t\t\t\t\t\t\t\t\t\t\t\t<img fetchpriority=\"high\" decoding=\"async\" width=\"1024\" height=\"686\" src=\"https:\/\/acougo.com\/wp-content\/uploads\/2026\/04\/domingos-acougo-1024x686.webp\" class=\"attachment-large size-large wp-image-5689\" alt=\"\" srcset=\"https:\/\/acougo.com\/wp-content\/uploads\/2026\/04\/domingos-acougo-1024x686.webp 1024w, https:\/\/acougo.com\/wp-content\/uploads\/2026\/04\/domingos-acougo-300x201.webp 300w, https:\/\/acougo.com\/wp-content\/uploads\/2026\/04\/domingos-acougo-768x515.webp 768w, https:\/\/acougo.com\/wp-content\/uploads\/2026\/04\/domingos-acougo-600x403.webp 600w, https:\/\/acougo.com\/wp-content\/uploads\/2026\/04\/domingos-acougo-900x604.webp 900w, https:\/\/acougo.com\/wp-content\/uploads\/2026\/04\/domingos-acougo-400x269.webp 400w, https:\/\/acougo.com\/wp-content\/uploads\/2026\/04\/domingos-acougo.webp 1194w\" sizes=\"(max-width: 1024px) 100vw, 1024px\" title=\"\">\t\t\t\t\t\t\t\t\t\t\t\t\t\t\t<\/div>\n\t\t\t\t<\/div>\n\t\t<div class=\"elementor-element elementor-element-21a26e0 e-flex e-con-boxed e-con e-parent\" data-id=\"21a26e0\" data-element_type=\"container\" data-e-type=\"container\">\n\t\t\t\t\t<div class=\"e-con-inner\">\n\t\t\t\t<div class=\"elementor-element elementor-element-b562de1 elementor-widget elementor-widget-spacer\" data-id=\"b562de1\" data-element_type=\"widget\" data-e-type=\"widget\" data-widget_type=\"spacer.default\">\n\t\t\t\t\t\t\t<div class=\"elementor-spacer\">\n\t\t\t<div class=\"elementor-spacer-inner\"><\/div>\n\t\t<\/div>\n\t\t\t\t\t\t<\/div>\n\t\t\t\t<div class=\"elementor-element elementor-element-bc08865 elementor-widget elementor-widget-heading\" data-id=\"bc08865\" data-element_type=\"widget\" data-e-type=\"widget\" data-widget_type=\"heading.default\">\n\t\t\t\t\t<h2 class=\"elementor-heading-title elementor-size-default\">DOMINGOS EN ACOUGO: UNA EXPERIENCIA FAMILIAR<\/h2>\t\t\t\t<\/div>\n\t\t\t\t<div class=\"elementor-element elementor-element-6de2ef2 elementor-widget elementor-widget-text-editor\" data-id=\"6de2ef2\" data-element_type=\"widget\" data-e-type=\"widget\" data-widget_type=\"text-editor.default\">\n\t\t\t\t\t\t\t\t\t<p>Los domingos en el Centro Acougo est\u00e1n pensados \u200b\u200bpara compartir momentos inolvidables en familia. Un d\u00eda estupendo de diversi\u00f3n, aprendizaje y aventura, donde adultos y ni\u00f1os pueden disfrutar juntos de la naturaleza y el entorno rural.<\/p><p>Celebramos los Juegos Ol\u00edmpicos, vemos espect\u00e1culos de marionetas, participamos en emocionantes b\u00fasquedas del tesoro y descubrimos nuestro esp\u00edritu en libertad. Adem\u00e1s, podr\u00e1s degustar deliciosos aperitivos mientras disfrutas de un momento \u00fanico e inolvidable para tus hijos.<\/p><p>Y, como no pod\u00eda faltar, tambi\u00e9n puedes esperar sorpresas \u00e9lficas que har\u00e1n que esta experiencia sea a\u00fan m\u00e1s m\u00e1gica e inimaginable.<\/p><p>Una propuesta perfecta para crear recuerdos, fortalecer los lazos familiares y vivir en el campo en compa\u00f1\u00eda de tus seres queridos.<\/p>\t\t\t\t\t\t\t\t<\/div>\n\t\t\t\t<div class=\"elementor-element elementor-element-af5e818 elementor-widget elementor-widget-spacer\" data-id=\"af5e818\" data-element_type=\"widget\" data-e-type=\"widget\" data-widget_type=\"spacer.default\">\n\t\t\t\t\t\t\t<div class=\"elementor-spacer\">\n\t\t\t<div class=\"elementor-spacer-inner\"><\/div>\n\t\t<\/div>\n\t\t\t\t\t\t<\/div>\n\t\t\t\t\t<\/div>\n\t\t\t\t<\/div>\n\t\t\t\t<\/div>\n\t\t","protected":false},"excerpt":{"rendered":"<p>DOMINGOS EN ACOUGO: UNA EXPERIENCIA FAMILIAR Los domingos en el Centro Acougo est\u00e1n pensados \u200b\u200bpara compartir momentos inolvidables en familia. Un d\u00eda estupendo de diversi\u00f3n, aprendizaje y aventura, donde adultos&#8230;<\/p>\n","protected":false},"author":2,"featured_media":0,"parent":0,"menu_order":0,"comment_status":"closed","ping_status":"closed","template":"elementor_header_footer","meta":{"footnotes":""},"class_list":["post-5521","page","type-page","status-publish"],"_links":{"self":[{"href":"https:\/\/acougo.com\/es\/wp-json\/wp\/v2\/pages\/5521","targetHints":{"allow":["GET"]}}],"collection":[{"href":"https:\/\/acougo.com\/es\/wp-json\/wp\/v2\/pages"}],"about":[{"href":"https:\/\/acougo.com\/es\/wp-json\/wp\/v2\/types\/page"}],"author":[{"embeddable":true,"href":"https:\/\/acougo.com\/es\/wp-json\/wp\/v2\/users\/2"}],"replies":[{"embeddable":true,"href":"https:\/\/acougo.com\/es\/wp-json\/wp\/v2\/comments?post=5521"}],"version-history":[{"count":2,"href":"https:\/\/acougo.com\/es\/wp-json\/wp\/v2\/pages\/5521\/revisions"}],"predecessor-version":[{"id":5693,"href":"https:\/\/acougo.com\/es\/wp-json\/wp\/v2\/pages\/5521\/revisions\/5693"}],"wp:attachment":[{"href":"https:\/\/acougo.com\/es\/wp-json\/wp\/v2\/media?parent=5521"}],"curies":[{"name":"wp","href":"https:\/\/api.w.org\/{rel}","templated":true}]}}