{"id":5530,"date":"2026-04-01T06:33:53","date_gmt":"2026-04-01T06:33:53","guid":{"rendered":"https:\/\/acougo.com\/cumpleanos\/"},"modified":"2026-04-06T12:46:03","modified_gmt":"2026-04-06T12:46:03","slug":"cumpleanos","status":"publish","type":"page","link":"https:\/\/acougo.com\/es\/cumpleanos\/","title":{"rendered":"Cumplea\u00f1os"},"content":{"rendered":"\t\t<div data-elementor-type=\"wp-page\" data-elementor-id=\"5530\" class=\"elementor elementor-5530 elementor-5320\" data-elementor-post-type=\"page\">\n\t\t\t\t<div class=\"elementor-element elementor-element-7f119d0 e-con-full e-flex e-con e-parent\" data-id=\"7f119d0\" data-element_type=\"container\" data-e-type=\"container\">\n\t\t<div class=\"elementor-element elementor-element-628a6b9 e-con-full e-flex e-con e-child\" data-id=\"628a6b9\" data-element_type=\"container\" data-e-type=\"container\" data-settings=\"{&quot;background_background&quot;:&quot;classic&quot;}\">\n\t\t\t\t<\/div>\n\t\t<div class=\"elementor-element elementor-element-c72ba0a e-flex e-con-boxed e-con e-child\" data-id=\"c72ba0a\" data-element_type=\"container\" data-e-type=\"container\">\n\t\t\t\t\t<div class=\"e-con-inner\">\n\t\t\t\t<div class=\"elementor-element elementor-element-46779f0 elementor-widget elementor-widget-heading\" data-id=\"46779f0\" data-element_type=\"widget\" data-e-type=\"widget\" data-widget_type=\"heading.default\">\n\t\t\t\t\t<h2 class=\"elementor-heading-title elementor-size-default\">Ven a celebrar tu cumplea\u00f1os con nosotros.<\/h2>\t\t\t\t<\/div>\n\t\t\t\t<div class=\"elementor-element elementor-element-bce4b01 elementor-widget elementor-widget-text-editor\" data-id=\"bce4b01\" data-element_type=\"widget\" data-e-type=\"widget\" data-widget_type=\"text-editor.default\">\n\t\t\t\t\t\t\t\t\t<p>Haz del cumplea\u00f1os de tus hijos un d\u00eda m\u00e1gico, diferente e inolvidable. En nuestro centro, en plena naturaleza, ofrecemos una experiencia \u00fanica llena de diversi\u00f3n, aprendizaje y aventura, siempre acompa\u00f1ados por personal cualificado. <\/p><p>Contamos con diferentes programas, totalmente adaptables a tus preferencias, para crear una celebraci\u00f3n a medida. Dise\u00f1amos cada detalle pensando en los m\u00e1s peque\u00f1os, para que vivan un d\u00eda especial que recordar\u00e1n siempre. <\/p><p>A lo largo del d\u00eda, visitaremos a los animales, disfrutaremos de juegos y actividades, haremos una pausa para recuperar fuerzas&#8230; y finalizaremos con un broche de oro lleno de diversi\u00f3n y alegr\u00eda.<\/p><p>Un d\u00eda completo, sin interrupciones, dise\u00f1ado para aprovechar al m\u00e1ximo cada momento.<\/p>\t\t\t\t\t\t\t\t<\/div>\n\t\t\t\t<div class=\"elementor-element elementor-element-4544471 elementor-widget elementor-widget-heading\" data-id=\"4544471\" data-element_type=\"widget\" data-e-type=\"widget\" data-widget_type=\"heading.default\">\n\t\t\t\t\t<h2 class=\"elementor-heading-title elementor-size-default\">Tarifas<\/h2>\t\t\t\t<\/div>\n\t\t\t\t<div class=\"elementor-element elementor-element-2068db3 elementor-widget elementor-widget-text-editor\" data-id=\"2068db3\" data-element_type=\"widget\" data-e-type=\"widget\" data-widget_type=\"text-editor.default\">\n\t\t\t\t\t\t\t\t\t<p>1.- Programa de tarde: Estancia de 16:30 a 20:00 horas. Incluye: <\/p><ul><li>Merienda y bebida de cumplea\u00f1os con pastel.<\/li><li>Programa de actividades<\/li><li>Equipo de monitores<\/li><li>Seguro de R.C. y accidentes<\/li><\/ul><p><strong>TARIFA: (A CONSULTAR)<\/strong><\/p><p><a href=\"https:\/\/acougo.com\/reservas\/\">RESERVA TU CUMPLEA\u00d1OS AHORA<\/a><\/p><p>Tel\u00e9fono: +34 663 831 943<br>E-mail: <a href=\"https:\/\/acougo.com\/aniversarios\/%22mailto:info@acougo.com\">info@acougo.com<\/a><\/p><p><em>\u00bfPor qu\u00e9 no celebrar el cumplea\u00f1os de mam\u00e1 y pap\u00e1 con nosotros? <a href=\"https:\/\/acougo.com\/es\/contacto-2\/\">CONSULTAR.<\/a><\/em><\/p>\t\t\t\t\t\t\t\t<\/div>\n\t\t\t\t\t<\/div>\n\t\t\t\t<\/div>\n\t\t\t\t<\/div>\n\t\t\t\t<\/div>\n\t\t","protected":false},"excerpt":{"rendered":"<p>Ven a celebrar tu cumplea\u00f1os con nosotros. Haz del cumplea\u00f1os de tus hijos un d\u00eda m\u00e1gico, diferente e inolvidable. En nuestro centro, en plena naturaleza, ofrecemos una experiencia \u00fanica llena&#8230;<\/p>\n","protected":false},"author":2,"featured_media":0,"parent":0,"menu_order":0,"comment_status":"closed","ping_status":"closed","template":"elementor_header_footer","meta":{"footnotes":""},"class_list":["post-5530","page","type-page","status-publish"],"_links":{"self":[{"href":"https:\/\/acougo.com\/es\/wp-json\/wp\/v2\/pages\/5530","targetHints":{"allow":["GET"]}}],"collection":[{"href":"https:\/\/acougo.com\/es\/wp-json\/wp\/v2\/pages"}],"about":[{"href":"https:\/\/acougo.com\/es\/wp-json\/wp\/v2\/types\/page"}],"author":[{"embeddable":true,"href":"https:\/\/acougo.com\/es\/wp-json\/wp\/v2\/users\/2"}],"replies":[{"embeddable":true,"href":"https:\/\/acougo.com\/es\/wp-json\/wp\/v2\/comments?post=5530"}],"version-history":[{"count":3,"href":"https:\/\/acougo.com\/es\/wp-json\/wp\/v2\/pages\/5530\/revisions"}],"predecessor-version":[{"id":5676,"href":"https:\/\/acougo.com\/es\/wp-json\/wp\/v2\/pages\/5530\/revisions\/5676"}],"wp:attachment":[{"href":"https:\/\/acougo.com\/es\/wp-json\/wp\/v2\/media?parent=5530"}],"curies":[{"name":"wp","href":"https:\/\/api.w.org\/{rel}","templated":true}]}}