{"id":5532,"date":"2026-04-01T06:37:08","date_gmt":"2026-04-01T06:37:08","guid":{"rendered":"https:\/\/acougo.com\/campamentos\/"},"modified":"2026-04-06T12:49:03","modified_gmt":"2026-04-06T12:49:03","slug":"campamentos","status":"publish","type":"page","link":"https:\/\/acougo.com\/es\/campamentos\/","title":{"rendered":"Campamentos"},"content":{"rendered":"\t\t<div data-elementor-type=\"wp-page\" data-elementor-id=\"5532\" class=\"elementor elementor-5532 elementor-5285\" data-elementor-post-type=\"page\">\n\t\t\t\t<div class=\"elementor-element elementor-element-feb8d68 e-flex e-con-boxed e-con e-parent\" data-id=\"feb8d68\" data-element_type=\"container\" data-e-type=\"container\">\n\t\t\t\t\t<div class=\"e-con-inner\">\n\t\t<div class=\"elementor-element elementor-element-6b5b2b2 e-con-full e-flex e-con e-child\" data-id=\"6b5b2b2\" data-element_type=\"container\" data-e-type=\"container\">\n\t\t\t\t<div class=\"elementor-element elementor-element-fd40690 elementor-widget elementor-widget-image\" data-id=\"fd40690\" data-element_type=\"widget\" data-e-type=\"widget\" data-widget_type=\"image.default\">\n\t\t\t\t\t\t\t\t\t\t\t\t\t\t\t<img fetchpriority=\"high\" decoding=\"async\" width=\"600\" height=\"800\" src=\"https:\/\/acougo.com\/wp-content\/uploads\/2026\/04\/campamentos.webp\" class=\"attachment-large size-large wp-image-5679\" alt=\"\" srcset=\"https:\/\/acougo.com\/wp-content\/uploads\/2026\/04\/campamentos.webp 600w, https:\/\/acougo.com\/wp-content\/uploads\/2026\/04\/campamentos-225x300.webp 225w\" sizes=\"(max-width: 600px) 100vw, 600px\" title=\"\">\t\t\t\t\t\t\t\t\t\t\t\t\t\t\t<\/div>\n\t\t\t\t<\/div>\n\t\t<div class=\"elementor-element elementor-element-d4ad10c e-con-full e-flex e-con e-child\" data-id=\"d4ad10c\" data-element_type=\"container\" data-e-type=\"container\">\n\t\t\t\t<div class=\"elementor-element elementor-element-4b3d877 elementor-widget elementor-widget-heading\" data-id=\"4b3d877\" data-element_type=\"widget\" data-e-type=\"widget\" data-widget_type=\"heading.default\">\n\t\t\t\t\t<h2 class=\"elementor-heading-title elementor-size-default\">INTRODUCCI\u00d3N<\/h2>\t\t\t\t<\/div>\n\t\t\t\t<div class=\"elementor-element elementor-element-59533e0 elementor-widget elementor-widget-text-editor\" data-id=\"59533e0\" data-element_type=\"widget\" data-e-type=\"widget\" data-widget_type=\"text-editor.default\">\n\t\t\t\t\t\t\t\t\t<p>EL CENTRO ACOUGO abre sus puertas a las familias con un extenso programa de campamento de verano, cuidadosamente dise\u00f1ado y adaptado a diferentes edades, para que cada ni\u00f1o y ni\u00f1a pueda vivir una experiencia \u00fanica e inolvidable, llena de aprendizaje que acompa\u00f1ar\u00e1 su crecimiento personal.<\/p><p>En un entorno rural privilegiado, en pleno contacto con la naturaleza, ofrecemos una experiencia enriquecedora donde el descubrimiento de la fauna y la flora se convierte en una aventura compartida. A trav\u00e9s del compa\u00f1erismo, el trabajo en equipo, el deporte, los juegos tradicionales y las excursiones por el entorno natural, cada d\u00eda se transforma en una nueva oportunidad para aprender, disfrutar y crecer. <\/p><p>Todas las actividades se rigen por el respeto a la naturaleza y el valor de la convivencia, promoviendo v\u00ednculos, autonom\u00eda y respeto por los dem\u00e1s en un entorno seguro y acogedor.<\/p><p>Y, por supuesto&#8230; la magia tambi\u00e9n forma parte de la experiencia: veremos elfos, celebraremos los Juegos Ol\u00edmpicos, participaremos en emocionantes b\u00fasquedas del tesoro, cuidaremos y alimentaremos a nuestros animales&#8230; y viviremos muchas m\u00e1s sorpresas \u00e9lficas que har\u00e1n de estos campamentos un recuerdo inolvidable.<\/p>\t\t\t\t\t\t\t\t<\/div>\n\t\t\t\t<\/div>\n\t\t\t\t\t<\/div>\n\t\t\t\t<\/div>\n\t\t<div class=\"elementor-element elementor-element-69ca8f5 e-flex e-con-boxed e-con e-parent\" data-id=\"69ca8f5\" data-element_type=\"container\" data-e-type=\"container\">\n\t\t\t\t\t<div class=\"e-con-inner\">\n\t\t<div class=\"elementor-element elementor-element-7ae495d e-con-full e-flex e-con e-child\" data-id=\"7ae495d\" data-element_type=\"container\" data-e-type=\"container\">\n\t\t\t\t<div class=\"elementor-element elementor-element-abcb120 elementor-widget elementor-widget-heading\" data-id=\"abcb120\" data-element_type=\"widget\" data-e-type=\"widget\" data-widget_type=\"heading.default\">\n\t\t\t\t\t<h2 class=\"elementor-heading-title elementor-size-default\">Caracter\u00edsticas y precios<\/h2>\t\t\t\t<\/div>\n\t\t\t\t<div class=\"elementor-element elementor-element-214fa38 elementor-widget elementor-widget-text-editor\" data-id=\"214fa38\" data-element_type=\"widget\" data-e-type=\"widget\" data-widget_type=\"text-editor.default\">\n\t\t\t\t\t\t\t\t\t<p>Nuestro campamento tiene un m\u00e1ximo de 40 plazas, lo que garantiza una atenci\u00f3n cercana y personalizada para cada participante, siendo necesario un m\u00ednimo de 10 asistentes para que pueda realizarse.<\/p><p>Se desarrolla durante los meses de julio y agosto, en un entorno natural seguro y acogedor, siempre acompa\u00f1ado por un equipo educativo formado por instructores cualificados y con experiencia.<\/p><p>La seguridad es nuestra prioridad: el recinto est\u00e1 vallado y ofrecemos atenci\u00f3n personalizada y constante. Adem\u00e1s, contamos con un seguro de accidentes y responsabilidad civil para mayor tranquilidad de las familias. <\/p><p>El periodo de inscripci\u00f3n permanecer\u00e1 abierto hasta que se completen todas las plazas disponibles. Para obtener informaci\u00f3n sobre las tarifas, p\u00f3ngase en contacto directamente con el centro (descuentos especiales para hermanos, quincenas y meses completos). <\/p><p>El campamento multiactividad ofrece una amplia variedad de propuestas llenas de emoci\u00f3n y diversi\u00f3n: tirolesa, tiro con arco, escalada, interacci\u00f3n con animales, equilibrio en slackline, muro de escalada, paseos en barco y emocionantes b\u00fasquedas del tesoro, entre muchas otras sorpresas dise\u00f1adas para convertir cada d\u00eda en una nueva aventura.<\/p>\t\t\t\t\t\t\t\t<\/div>\n\t\t\t\t<\/div>\n\t\t<div class=\"elementor-element elementor-element-3223902 e-con-full e-flex e-con e-child\" data-id=\"3223902\" data-element_type=\"container\" data-e-type=\"container\">\n\t\t\t\t<div class=\"elementor-element elementor-element-ceb571b elementor-widget elementor-widget-image\" data-id=\"ceb571b\" data-element_type=\"widget\" data-e-type=\"widget\" data-widget_type=\"image.default\">\n\t\t\t\t\t\t\t\t\t\t\t\t\t\t\t<img decoding=\"async\" width=\"1024\" height=\"771\" src=\"https:\/\/acougo.com\/wp-content\/uploads\/2025\/04\/IMG-20250422-WA0000-1024x771.jpg\" class=\"attachment-large size-large wp-image-5143\" alt=\"\" srcset=\"https:\/\/acougo.com\/wp-content\/uploads\/2025\/04\/IMG-20250422-WA0000-1024x771.jpg 1024w, https:\/\/acougo.com\/wp-content\/uploads\/2025\/04\/IMG-20250422-WA0000-300x226.jpg 300w, https:\/\/acougo.com\/wp-content\/uploads\/2025\/04\/IMG-20250422-WA0000-768x578.jpg 768w, https:\/\/acougo.com\/wp-content\/uploads\/2025\/04\/IMG-20250422-WA0000.jpg 1600w\" sizes=\"(max-width: 1024px) 100vw, 1024px\" title=\"\">\t\t\t\t\t\t\t\t\t\t\t\t\t\t\t<\/div>\n\t\t\t\t<\/div>\n\t\t\t\t\t<\/div>\n\t\t\t\t<\/div>\n\t\t<div class=\"elementor-element elementor-element-200b41e e-flex e-con-boxed e-con e-parent\" data-id=\"200b41e\" data-element_type=\"container\" data-e-type=\"container\">\n\t\t\t\t\t<div class=\"e-con-inner\">\n\t\t<div class=\"elementor-element elementor-element-f339c19 e-con-full e-flex e-con e-child\" data-id=\"f339c19\" data-element_type=\"container\" data-e-type=\"container\" data-settings=\"{&quot;background_background&quot;:&quot;classic&quot;}\">\n\t\t\t\t<\/div>\n\t\t<div class=\"elementor-element elementor-element-d45a71a e-con-full e-flex e-con e-child\" data-id=\"d45a71a\" data-element_type=\"container\" data-e-type=\"container\">\n\t\t\t\t<div class=\"elementor-element elementor-element-f1cc4e8 elementor-widget elementor-widget-heading\" data-id=\"f1cc4e8\" data-element_type=\"widget\" data-e-type=\"widget\" data-widget_type=\"heading.default\">\n\t\t\t\t\t<h2 class=\"elementor-heading-title elementor-size-default\">MULTIACTIVIDADES<\/h2>\t\t\t\t<\/div>\n\t\t\t\t<div class=\"elementor-element elementor-element-6a62615 elementor-widget elementor-widget-text-editor\" data-id=\"6a62615\" data-element_type=\"widget\" data-e-type=\"widget\" data-widget_type=\"text-editor.default\">\n\t\t\t\t\t\t\t\t\t\u00a1En nuestros campamentos de verano, cada d\u00eda es una nueva aventura! Los participantes podr\u00e1n disfrutar de las actividades que ofrece el Centro Acougo: tirolesa, tiro con arco, senderismo, gincanas, b\u00fasqueda del tesoro, b\u00e9isbol, juegos tradicionales e interacci\u00f3n directa con nuestros animales.<br>Una combinaci\u00f3n perfecta de emoci\u00f3n, naturaleza y diversi\u00f3n que har\u00e1 que cada momento sea inolvidable. \t\t\t\t\t\t\t\t<\/div>\n\t\t\t\t<\/div>\n\t\t\t\t\t<\/div>\n\t\t\t\t<\/div>\n\t\t\t\t<\/div>\n\t\t","protected":false},"excerpt":{"rendered":"<p>INTRODUCCI\u00d3N EL CENTRO ACOUGO abre sus puertas a las familias con un extenso programa de campamento de verano, cuidadosamente dise\u00f1ado y adaptado a diferentes edades, para que cada ni\u00f1o y&#8230;<\/p>\n","protected":false},"author":2,"featured_media":0,"parent":0,"menu_order":0,"comment_status":"closed","ping_status":"closed","template":"elementor_header_footer","meta":{"footnotes":""},"class_list":["post-5532","page","type-page","status-publish"],"_links":{"self":[{"href":"https:\/\/acougo.com\/es\/wp-json\/wp\/v2\/pages\/5532","targetHints":{"allow":["GET"]}}],"collection":[{"href":"https:\/\/acougo.com\/es\/wp-json\/wp\/v2\/pages"}],"about":[{"href":"https:\/\/acougo.com\/es\/wp-json\/wp\/v2\/types\/page"}],"author":[{"embeddable":true,"href":"https:\/\/acougo.com\/es\/wp-json\/wp\/v2\/users\/2"}],"replies":[{"embeddable":true,"href":"https:\/\/acougo.com\/es\/wp-json\/wp\/v2\/comments?post=5532"}],"version-history":[{"count":3,"href":"https:\/\/acougo.com\/es\/wp-json\/wp\/v2\/pages\/5532\/revisions"}],"predecessor-version":[{"id":5687,"href":"https:\/\/acougo.com\/es\/wp-json\/wp\/v2\/pages\/5532\/revisions\/5687"}],"wp:attachment":[{"href":"https:\/\/acougo.com\/es\/wp-json\/wp\/v2\/media?parent=5532"}],"curies":[{"name":"wp","href":"https:\/\/api.w.org\/{rel}","templated":true}]}}