{"id":5571,"date":"2026-04-01T06:57:24","date_gmt":"2026-04-01T06:57:24","guid":{"rendered":"https:\/\/acougo.com\/documentacion-de-acampada\/"},"modified":"2026-04-01T06:57:25","modified_gmt":"2026-04-01T06:57:25","slug":"documentacion-de-acampada","status":"publish","type":"page","link":"https:\/\/acougo.com\/es\/documentacion-de-acampada\/","title":{"rendered":"Documentaci\u00f3n de acampada"},"content":{"rendered":"\t\t<div data-elementor-type=\"wp-page\" data-elementor-id=\"5571\" class=\"elementor elementor-5571 elementor-5565\" data-elementor-post-type=\"page\">\n\t\t\t\t<div class=\"elementor-element elementor-element-ef73fd8 e-flex e-con-boxed e-con e-parent\" data-id=\"ef73fd8\" data-element_type=\"container\" data-e-type=\"container\">\n\t\t\t\t\t<div class=\"e-con-inner\">\n\t\t<div class=\"elementor-element elementor-element-8eaea5d e-con-full e-flex e-con e-child\" data-id=\"8eaea5d\" data-element_type=\"container\" data-e-type=\"container\">\n\t\t\t\t<div class=\"elementor-element elementor-element-98b8868 elementor-widget elementor-widget-image\" data-id=\"98b8868\" data-element_type=\"widget\" data-e-type=\"widget\" data-widget_type=\"image.default\">\n\t\t\t\t\t\t\t\t\t\t\t\t\t\t\t<img fetchpriority=\"high\" decoding=\"async\" width=\"227\" height=\"300\" src=\"https:\/\/acougo.com\/wp-content\/uploads\/2026\/03\/LOGO-CENTRO-DE-OCIO-227x300.webp\" class=\"attachment-medium size-medium wp-image-5387\" alt=\"\" srcset=\"https:\/\/acougo.com\/wp-content\/uploads\/2026\/03\/LOGO-CENTRO-DE-OCIO-227x300.webp 227w, https:\/\/acougo.com\/wp-content\/uploads\/2026\/03\/LOGO-CENTRO-DE-OCIO-774x1024.webp 774w, https:\/\/acougo.com\/wp-content\/uploads\/2026\/03\/LOGO-CENTRO-DE-OCIO-768x1016.webp 768w, https:\/\/acougo.com\/wp-content\/uploads\/2026\/03\/LOGO-CENTRO-DE-OCIO-1161x1536.webp 1161w, https:\/\/acougo.com\/wp-content\/uploads\/2026\/03\/LOGO-CENTRO-DE-OCIO-1547x2048.webp 1547w, https:\/\/acougo.com\/wp-content\/uploads\/2026\/03\/LOGO-CENTRO-DE-OCIO-scaled.webp 1934w\" sizes=\"(max-width: 227px) 100vw, 227px\" title=\"\">\t\t\t\t\t\t\t\t\t\t\t\t\t\t\t<\/div>\n\t\t\t\t<\/div>\n\t\t<div class=\"elementor-element elementor-element-308ccbd e-con-full e-flex e-con e-child\" data-id=\"308ccbd\" data-element_type=\"container\" data-e-type=\"container\">\n\t\t\t\t<div class=\"elementor-element elementor-element-6d801c9 elementor-widget elementor-widget-text-editor\" data-id=\"6d801c9\" data-element_type=\"widget\" data-e-type=\"widget\" data-widget_type=\"text-editor.default\">\n\t\t\t\t\t\t\t\t\t<div class=\"form-container\"><form action=\"#\" method=\"post\"><h2>Registro y Documentaci\u00f3n<\/h2><div class=\"form-group\"><label for=\"nombre\">Nombre del campista:<\/label><br><input id=\"nombre\" name=\"nombre\" required=\"\" type=\"text\" placeholder=\"Escribe el nombre completo\"><\/div><fieldset><legend>Documentaci\u00f3n de acampada<\/legend><div class=\"checkbox-group\"> <label><input name=\"doc_dni\" type=\"checkbox\"> Fotocopia del DNI o Libro de Familia<\/label><br><label><input name=\"doc_ss\" type=\"checkbox\"> Tarjeta de la Seguridad Social del menor<\/label><\/div><\/fieldset><fieldset><legend>Documentaci\u00f3n del tutor legal<\/legend><div class=\"checkbox-group\"><label><input name=\"doc_tutor_dni\" type=\"checkbox\"> Fotocopia del documento de identidad del tutor<\/label><\/div><div class=\"form-group mt\"><label for=\"telefonos\">N\u00fameros de contacto (durante el campamento):<\/label><br><input id=\"telefonos\" name=\"telefonos\" type=\"tel\" placeholder=\"Ex: 600 000 000 \/ 981 000 000\"><\/div><div class=\"form-group\"><label for=\"autorizados\">Personas autorizadas para recoger la autocaravana (nombre e identificaci\u00f3n):<\/label><br><textarea id=\"autorizados\" name=\"autorizados\" rows=\"3\" placeholder=\"Indique el nombre y el documento de identidad de las personas autorizadas.\"><\/textarea><\/div><\/fieldset><fieldset class=\"salud\"><legend>Informaci\u00f3n de salud y educaci\u00f3n<\/legend><div class=\"form-group\"><label for=\"salud\">Necesidades espec\u00edficas, alergias o medicamentos:<\/label><br><textarea id=\"salud\" name=\"salud\" rows=\"4\" placeholder=\"Por favor, indique cualquier detalle importante sobre sus necesidades de salud o educativas.\"><\/textarea><\/div><\/fieldset><\/form><\/div>\t\t\t\t\t\t\t\t<\/div>\n\t\t\t\t<\/div>\n\t\t\t\t\t<\/div>\n\t\t\t\t<\/div>\n\t\t\t\t<\/div>\n\t\t","protected":false},"excerpt":{"rendered":"<p>Registro y Documentaci\u00f3n Nombre del campista: Documentaci\u00f3n de acampada Fotocopia del DNI o Libro de Familia Tarjeta de la Seguridad Social del menor Documentaci\u00f3n del tutor legal Fotocopia del documento&#8230;<\/p>\n","protected":false},"author":2,"featured_media":0,"parent":0,"menu_order":0,"comment_status":"closed","ping_status":"closed","template":"","meta":{"footnotes":""},"class_list":["post-5571","page","type-page","status-publish"],"_links":{"self":[{"href":"https:\/\/acougo.com\/es\/wp-json\/wp\/v2\/pages\/5571","targetHints":{"allow":["GET"]}}],"collection":[{"href":"https:\/\/acougo.com\/es\/wp-json\/wp\/v2\/pages"}],"about":[{"href":"https:\/\/acougo.com\/es\/wp-json\/wp\/v2\/types\/page"}],"author":[{"embeddable":true,"href":"https:\/\/acougo.com\/es\/wp-json\/wp\/v2\/users\/2"}],"replies":[{"embeddable":true,"href":"https:\/\/acougo.com\/es\/wp-json\/wp\/v2\/comments?post=5571"}],"version-history":[{"count":1,"href":"https:\/\/acougo.com\/es\/wp-json\/wp\/v2\/pages\/5571\/revisions"}],"predecessor-version":[{"id":5573,"href":"https:\/\/acougo.com\/es\/wp-json\/wp\/v2\/pages\/5571\/revisions\/5573"}],"wp:attachment":[{"href":"https:\/\/acougo.com\/es\/wp-json\/wp\/v2\/media?parent=5571"}],"curies":[{"name":"wp","href":"https:\/\/api.w.org\/{rel}","templated":true}]}}