{"id":5584,"date":"2026-04-01T07:13:28","date_gmt":"2026-04-01T07:13:28","guid":{"rendered":"https:\/\/acougo.com\/programas-escolares\/"},"modified":"2026-04-24T12:05:41","modified_gmt":"2026-04-24T12:05:41","slug":"programas-escolares","status":"publish","type":"page","link":"https:\/\/acougo.com\/es\/programas-escolares\/","title":{"rendered":"Programas escolares"},"content":{"rendered":"\t\t<div data-elementor-type=\"wp-page\" data-elementor-id=\"5584\" class=\"elementor elementor-5584 elementor-5575\" data-elementor-post-type=\"page\">\n\t\t\t\t<div class=\"elementor-element elementor-element-fd49c7c e-flex e-con-boxed e-con e-parent\" data-id=\"fd49c7c\" data-element_type=\"container\" data-e-type=\"container\">\n\t\t\t\t\t<div class=\"e-con-inner\">\n\t\t\t\t<div class=\"elementor-element elementor-element-02c99fa elementor-widget elementor-widget-heading\" data-id=\"02c99fa\" data-element_type=\"widget\" data-e-type=\"widget\" data-widget_type=\"heading.default\">\n\t\t\t\t\t<h2 class=\"elementor-heading-title elementor-size-default\">Programas Escolares<\/h2>\t\t\t\t<\/div>\n\t\t\t\t\t<\/div>\n\t\t\t\t<\/div>\n\t\t<div class=\"elementor-element elementor-element-5f61bcd e-flex e-con-boxed e-con e-parent\" data-id=\"5f61bcd\" data-element_type=\"container\" data-e-type=\"container\">\n\t\t\t\t\t<div class=\"e-con-inner\">\n\t\t<div class=\"elementor-element elementor-element-874f624 e-con-full e-flex e-con e-child\" data-id=\"874f624\" data-element_type=\"container\" data-e-type=\"container\" data-settings=\"{&quot;background_background&quot;:&quot;classic&quot;}\">\n\t\t\t\t<\/div>\n\t\t<div class=\"elementor-element elementor-element-979190a e-con-full e-flex e-con e-child\" data-id=\"979190a\" data-element_type=\"container\" data-e-type=\"container\">\n\t\t\t\t<div class=\"elementor-element elementor-element-259328d elementor-widget elementor-widget-text-editor\" data-id=\"259328d\" data-element_type=\"widget\" data-e-type=\"widget\" data-widget_type=\"text-editor.default\">\n\t\t\t\t\t\t\t\t\t<p>Disponemos de una variedad de programas espec\u00edficos dirigidos a la educaci\u00f3n infantil, primaria y secundaria, que ponemos a disposici\u00f3n de los centros escolares.<\/p><p><br>Estas actividades, especialmente dirigidas a estudiantes de entornos urbanos, ofrecen la oportunidad de vivir y experimentar en contacto directo con el entorno rural, fomentando un acercamiento real a la naturaleza. Esta propuesta despierta la curiosidad de los estudiantes, anim\u00e1ndolos a observar, investigar y descubrir nuevos aspectos del entorno natural que contribuir\u00e1n positivamente a su vida diaria.<\/p><p><br>En resumen, se trata de una aproximaci\u00f3n a la vida y la cultura del mundo rural, basada en un doble prop\u00f3sito: facilitar el contacto directo con la naturaleza y fomentar en los estudiantes la sensibilidad hacia su conservaci\u00f3n y el cuidado del medio ambiente.<\/p>\t\t\t\t\t\t\t\t<\/div>\n\t\t\t\t<div class=\"elementor-element elementor-element-4fe2b6b elementor-widget elementor-widget-text-editor\" data-id=\"4fe2b6b\" data-element_type=\"widget\" data-e-type=\"widget\" data-widget_type=\"text-editor.default\">\n\t\t\t\t\t\t\t\t\tM\u00e1s informaci\u00f3n y reservas:\n<ul><li>tel\u00e9fono +34 663 831 943 <\/li><li>o por correo electr\u00f3nico a info@acougo.com (Plazas limitadas)<\/li><\/ul>\t\t\t\t\t\t\t\t<\/div>\n\t\t\t\t<div class=\"elementor-element elementor-element-6bf12bc elementor-align-center elementor-widget elementor-widget-button\" data-id=\"6bf12bc\" data-element_type=\"widget\" data-e-type=\"widget\" data-widget_type=\"button.default\">\n\t\t\t\t\t\t\t\t\t\t<a class=\"elementor-button elementor-button-link elementor-size-md\" href=\"https:\/\/acougo.com\/wp-content\/uploads\/2026\/04\/PROGRAMA-ESCOLAR-ACOUGO.pdf\" target=\"_blank\">\n\t\t\t\t\t\t<span class=\"elementor-button-content-wrapper\">\n\t\t\t\t\t\t\t\t\t<span class=\"elementor-button-text\">Descargar el programa<\/span>\n\t\t\t\t\t<\/span>\n\t\t\t\t\t<\/a>\n\t\t\t\t\t\t\t\t<\/div>\n\t\t\t\t<\/div>\n\t\t\t\t\t<\/div>\n\t\t\t\t<\/div>\n\t\t\t\t<\/div>\n\t\t","protected":false},"excerpt":{"rendered":"<p>Programas Escolares Disponemos de una variedad de programas espec\u00edficos dirigidos a la educaci\u00f3n infantil, primaria y secundaria, que ponemos a disposici\u00f3n de los centros escolares. Estas actividades, especialmente dirigidas a&#8230;<\/p>\n","protected":false},"author":2,"featured_media":0,"parent":0,"menu_order":0,"comment_status":"closed","ping_status":"closed","template":"","meta":{"footnotes":""},"class_list":["post-5584","page","type-page","status-publish"],"_links":{"self":[{"href":"https:\/\/acougo.com\/es\/wp-json\/wp\/v2\/pages\/5584","targetHints":{"allow":["GET"]}}],"collection":[{"href":"https:\/\/acougo.com\/es\/wp-json\/wp\/v2\/pages"}],"about":[{"href":"https:\/\/acougo.com\/es\/wp-json\/wp\/v2\/types\/page"}],"author":[{"embeddable":true,"href":"https:\/\/acougo.com\/es\/wp-json\/wp\/v2\/users\/2"}],"replies":[{"embeddable":true,"href":"https:\/\/acougo.com\/es\/wp-json\/wp\/v2\/comments?post=5584"}],"version-history":[{"count":6,"href":"https:\/\/acougo.com\/es\/wp-json\/wp\/v2\/pages\/5584\/revisions"}],"predecessor-version":[{"id":6235,"href":"https:\/\/acougo.com\/es\/wp-json\/wp\/v2\/pages\/5584\/revisions\/6235"}],"wp:attachment":[{"href":"https:\/\/acougo.com\/es\/wp-json\/wp\/v2\/media?parent=5584"}],"curies":[{"name":"wp","href":"https:\/\/api.w.org\/{rel}","templated":true}]}}